{"id":3328,"date":"2024-05-31T16:17:53","date_gmt":"2024-05-31T14:17:53","guid":{"rendered":"http:\/\/leipzigpluskultur.de\/?page_id=3328"},"modified":"2024-06-01T18:16:00","modified_gmt":"2024-06-01T16:16:00","slug":"bildende-kunst","status":"publish","type":"page","link":"http:\/\/leipzigpluskultur.de\/en\/bildende-kunst\/","title":{"rendered":"Visual Arts"},"content":{"rendered":"<div class=\"wp-block-group alignwide\" style=\"padding-top:var(--wp--preset--spacing--20);padding-bottom:var(--wp--preset--spacing--20)\"><div class=\"wp-block-group__inner-container is-layout-constrained wp-block-group-is-layout-constrained\">\n<div class=\"wp-block-columns alignwide is-layout-flex wp-container-core-columns-is-layout-9d6595d7 wp-block-columns-is-layout-flex\">\n<div class=\"wp-block-column is-layout-flow wp-block-column-is-layout-flow\" style=\"flex-basis:100%\">\n<div class=\"wp-block-group is-vertical is-layout-flex wp-container-core-group-is-layout-8cf370e7 wp-block-group-is-layout-flex\">\n<div class=\"wp-block-columns is-layout-flex wp-container-core-columns-is-layout-9d6595d7 wp-block-columns-is-layout-flex\">\n<div class=\"wp-block-column is-layout-flow wp-block-column-is-layout-flow\" style=\"flex-basis:100%\">\n<div class=\"wp-block-group\"><div class=\"wp-block-group__inner-container is-layout-constrained wp-block-group-is-layout-constrained\">\n<div class=\"wp-block-group\"><div class=\"wp-block-group__inner-container is-layout-constrained wp-block-group-is-layout-constrained\">\n<div class=\"wp-block-columns is-layout-flex wp-container-core-columns-is-layout-9d6595d7 wp-block-columns-is-layout-flex\">\n<div class=\"wp-block-column is-layout-flow wp-block-column-is-layout-flow\" style=\"flex-basis:100%\">\n<div class=\"wp-block-group\"><div class=\"wp-block-group__inner-container is-layout-constrained wp-block-group-is-layout-constrained\"><style>.kb-posts-id-3328_c972cf-81 .kb-post-list-item{display:grid;}<\/style><ul class=\"wp-block-kadence-posts kb-posts kadence-posts-list kb-posts-id-3328_c972cf-81 content-wrap grid-cols kb-posts-style-boxed grid-sm-col-1 grid-lg-col-1 item-image-style-beside\"><li class=\"kb-post-list-item\">\n\t<article class=\"entry content-bg loop-entry post-3263 post type-post status-publish format-standard hentry category-bildende-kunst category-news\">\n\t\t\t\t<div class=\"entry-content-wrap\">\n\t\t\t<header class=\"entry-header\">\n\t\t<div class=\"entry-taxonomies\">\n\t\t<span class=\"category-links term-links category-style-normal\">\n\t\t\t<a href=\"http:\/\/leipzigpluskultur.de\/en\/kategorie\/sparten\/bildende-kunst\/\" class=\"category-link-bildende-kunst\" rel=\"tag\">Visual Arts<\/a> | <a href=\"http:\/\/leipzigpluskultur.de\/en\/kategorie\/news\/\" class=\"category-link-news\" rel=\"tag\">News<\/a>\t\t<\/span>\n\t<\/div><!-- .entry-taxonomies -->\n\t<h2 class=\"entry-title\"><a href=\"http:\/\/leipzigpluskultur.de\/en\/atelierprogramm\/\" rel=\"bookmark\">Atelierprogramm\u00a0<\/a><\/h2>\t<div class=\"entry-meta entry-meta-divider-dot\">\n\t<span class=\"posted-by\"><span class=\"meta-label\">By<\/span><span class=\"author vcard\"><span class=\"fn n\">Sophie Renz<\/span><\/span><\/span>\t\t\t<span class=\"posted-on\">\n\t\t\t\t<time class=\"entry-date published\" datetime=\"2024-04-22T11:38:01+02:00\">22. April 2024<\/time><time class=\"updated\" datetime=\"2024-04-22T11:39:37+02:00\">22. April 2024<\/time>\t\t\t<\/span>\n\t\t\t\t<\/div><!-- .entry-meta -->\n\t<\/header><!-- .entry-header -->\n\t<div class=\"entry-summary\">\n\t\t<p>Anregungen f\u00fcr die Entwicklung eines st\u00e4dtischen Atelierprogramms\u00a0erarbeitet von der Sparte bildende Kunst\u00a0 Ziel des Leipziger Atelierprogrammes ist es, dauerhaft zur Verf\u00fcgung stehende, bezahlbare Arbeitsr\u00e4ume f\u00fcr K\u00fcnstler*innen in Leipzig zur Verf\u00fcgung zu stellen.\u00a0 Eine leistbare Miete f\u00fcr K\u00fcnstler*innen liegt zwischen 4\u20ac und 5\u20ac pro Quadratmeter, inklusive aller Nebenkosten.&nbsp; Ein weiteres Ziel ist es, ebenso geeignete Lagerfl\u00e4chen&#8230;<\/p>\n\t<\/div><!-- .entry-summary -->\n\t<footer class=\"entry-footer\">\n\t\t\t<div class=\"entry-actions\">\n\t\t\t<p class=\"more-link-wrap\">\n\t\t\t\t<a href=\"http:\/\/leipzigpluskultur.de\/en\/atelierprogramm\/\" class=\"post-more-link\">\n\t\t\t\t\tRead More<span class=\"screen-reader-text\"> Atelierprogramm\u00a0<\/span><span class=\"kadence-svg-iconset svg-baseline\"><svg aria-hidden=\"true\" class=\"kadence-svg-icon kadence-arrow-right-alt-svg\" fill=\"currentColor\" version=\"1.1\" xmlns=\"http:\/\/www.w3.org\/2000\/svg\" width=\"27\" height=\"28\" viewbox=\"0 0 27 28\"><title>Continue<\/title><path d=\"M27 13.953c0 0.141-0.063 0.281-0.156 0.375l-6 5.531c-0.156 0.141-0.359 0.172-0.547 0.094-0.172-0.078-0.297-0.25-0.297-0.453v-3.5h-19.5c-0.281 0-0.5-0.219-0.5-0.5v-3c0-0.281 0.219-0.5 0.5-0.5h19.5v-3.5c0-0.203 0.109-0.375 0.297-0.453s0.391-0.047 0.547 0.078l6 5.469c0.094 0.094 0.156 0.219 0.156 0.359v0z\"><\/path>\n\t\t\t<\/svg><\/span>\t\t\t\t<\/a>\n\t\t\t<\/p>\n\t\t<\/div><!-- .entry-actions -->\n\t\t<\/footer><!-- .entry-footer -->\t\t<\/div>\n\t<\/article>\n<\/li>\n<li class=\"kb-post-list-item\">\n\t<article class=\"entry content-bg loop-entry post-3261 post type-post status-publish format-standard hentry category-bildende-kunst category-news\">\n\t\t\t\t<div class=\"entry-content-wrap\">\n\t\t\t<header class=\"entry-header\">\n\t\t<div class=\"entry-taxonomies\">\n\t\t<span class=\"category-links term-links category-style-normal\">\n\t\t\t<a href=\"http:\/\/leipzigpluskultur.de\/en\/kategorie\/sparten\/bildende-kunst\/\" class=\"category-link-bildende-kunst\" rel=\"tag\">Visual Arts<\/a> | <a href=\"http:\/\/leipzigpluskultur.de\/en\/kategorie\/news\/\" class=\"category-link-news\" rel=\"tag\">News<\/a>\t\t<\/span>\n\t<\/div><!-- .entry-taxonomies -->\n\t<h2 class=\"entry-title\"><a href=\"http:\/\/leipzigpluskultur.de\/en\/spartentreffen-bildende-kunst\/\" rel=\"bookmark\">Spartentreffen Bildende Kunst<\/a><\/h2>\t<div class=\"entry-meta entry-meta-divider-dot\">\n\t<span class=\"posted-by\"><span class=\"meta-label\">By<\/span><span class=\"author vcard\"><span class=\"fn n\">Sophie Renz<\/span><\/span><\/span>\t\t\t<span class=\"posted-on\">\n\t\t\t\t<time class=\"entry-date published\" datetime=\"2024-04-09T11:27:52+02:00\">09. April 2024<\/time><time class=\"updated\" datetime=\"2024-04-22T11:30:47+02:00\">22. April 2024<\/time>\t\t\t<\/span>\n\t\t\t\t<\/div><!-- .entry-meta -->\n\t<\/header><!-- .entry-header -->\n\t<div class=\"entry-summary\">\n\t\t<p>am 16.04., 18 Uhr im KV, Kolonnadensstr. 6<\/p>\n\t<\/div><!-- .entry-summary -->\n\t<footer class=\"entry-footer\">\n\t\t\t<div class=\"entry-actions\">\n\t\t\t<p class=\"more-link-wrap\">\n\t\t\t\t<a href=\"http:\/\/leipzigpluskultur.de\/en\/spartentreffen-bildende-kunst\/\" class=\"post-more-link\">\n\t\t\t\t\tRead More<span class=\"screen-reader-text\"> Spartentreffen Bildende Kunst<\/span><span class=\"kadence-svg-iconset svg-baseline\"><svg aria-hidden=\"true\" class=\"kadence-svg-icon kadence-arrow-right-alt-svg\" fill=\"currentColor\" version=\"1.1\" xmlns=\"http:\/\/www.w3.org\/2000\/svg\" width=\"27\" height=\"28\" viewbox=\"0 0 27 28\"><title>Continue<\/title><path d=\"M27 13.953c0 0.141-0.063 0.281-0.156 0.375l-6 5.531c-0.156 0.141-0.359 0.172-0.547 0.094-0.172-0.078-0.297-0.25-0.297-0.453v-3.5h-19.5c-0.281 0-0.5-0.219-0.5-0.5v-3c0-0.281 0.219-0.5 0.5-0.5h19.5v-3.5c0-0.203 0.109-0.375 0.297-0.453s0.391-0.047 0.547 0.078l6 5.469c0.094 0.094 0.156 0.219 0.156 0.359v0z\"><\/path>\n\t\t\t<\/svg><\/span>\t\t\t\t<\/a>\n\t\t\t<\/p>\n\t\t<\/div><!-- .entry-actions -->\n\t\t<\/footer><!-- .entry-footer -->\t\t<\/div>\n\t<\/article>\n<\/li>\n<\/ul><\/div><\/div>\n<\/div>\n<\/div>\n<\/div><\/div>\n<\/div><\/div>\n<\/div>\n<\/div>\n<\/div>\n<\/div>\n<\/div>\n<\/div><\/div>","protected":false},"excerpt":{"rendered":"","protected":false},"author":5,"featured_media":0,"parent":0,"menu_order":0,"comment_status":"closed","ping_status":"closed","template":"","meta":{"_kad_post_transparent":"","_kad_post_title":"","_kad_post_layout":"left","_kad_post_sidebar_id":"sidebar-lpk-4","_kad_post_content_style":"","_kad_post_vertical_padding":"","_kad_post_feature":"","_kad_post_feature_position":"","_kad_post_header":false,"_kad_post_footer":false,"footnotes":""},"class_list":["post-3328","page","type-page","status-publish","hentry"],"jetpack_sharing_enabled":true,"_links":{"self":[{"href":"http:\/\/leipzigpluskultur.de\/en\/wp-json\/wp\/v2\/pages\/3328","targetHints":{"allow":["GET"]}}],"collection":[{"href":"http:\/\/leipzigpluskultur.de\/en\/wp-json\/wp\/v2\/pages"}],"about":[{"href":"http:\/\/leipzigpluskultur.de\/en\/wp-json\/wp\/v2\/types\/page"}],"author":[{"embeddable":true,"href":"http:\/\/leipzigpluskultur.de\/en\/wp-json\/wp\/v2\/users\/5"}],"replies":[{"embeddable":true,"href":"http:\/\/leipzigpluskultur.de\/en\/wp-json\/wp\/v2\/comments?post=3328"}],"version-history":[{"count":2,"href":"http:\/\/leipzigpluskultur.de\/en\/wp-json\/wp\/v2\/pages\/3328\/revisions"}],"predecessor-version":[{"id":3331,"href":"http:\/\/leipzigpluskultur.de\/en\/wp-json\/wp\/v2\/pages\/3328\/revisions\/3331"}],"wp:attachment":[{"href":"http:\/\/leipzigpluskultur.de\/en\/wp-json\/wp\/v2\/media?parent=3328"}],"curies":[{"name":"wp","href":"https:\/\/api.w.org\/{rel}","templated":true}]}}