{"id":3332,"date":"2024-06-01T18:18:45","date_gmt":"2024-06-01T16:18:45","guid":{"rendered":"http:\/\/leipzigpluskultur.de\/?page_id=3332"},"modified":"2025-02-07T19:13:40","modified_gmt":"2025-02-07T18:13:40","slug":"darstellende-kunst","status":"publish","type":"page","link":"http:\/\/leipzigpluskultur.de\/en\/darstellende-kunst\/","title":{"rendered":"Performing Arts"},"content":{"rendered":"\n<p>Willkommen bei der Spartenvertretung der Freien Darstellenden K\u00fcnste!<\/p>\n\n\n\n<p>Hier informieren wir euch zu unserer Arbeit in der Spartenvertretung als Interessenvertretung der Freien Darstellenden K\u00fcnste Leipzigs.<br>Seit 2014 agieren wir als gemeinsame Interessenvertretung f\u00fcr Tanz, Schauspiel, Figurentheater, Performance, Zirkus, Kabarett, Musiktheater u.a.<br>Als Schnittstelle zwischen Akteur*innen der Freien Darstellenden K\u00fcnste, Institutionen, Netzwerken und der Stadtverwaltung und Politiker*innen der Stadt Leipzig, F\u00f6rderern und Partner*innen setzen wir uns daf\u00fcr ein, Strukturen zu st\u00e4rken und sie zugunsten der K\u00fcnstler*innen auszubauen, Vernetzung zu f\u00f6rdern und Arbeitsbedingungen zu verbessern.<br><br>Die Spartenvertretung DAKU wird j\u00e4hrlich beim Spartentreffen der Freien DAKU-Szene gew\u00e4hlt. <br>Die gew\u00e4hlten Vertreter*innen treffen sich monatlich, um sich f\u00fcr die Vielzahl der Anliegen unserer Sparte einzusetzen.<br><br><strong>Zu unseren wichtigsten Aufgaben geh\u00f6ren:<\/strong><br>Noch gr\u00f6\u00dferes Verst\u00e4ndnis in der Stadt und der Region f\u00fcr die vielseitigen Arbeitsweisen der Freien Darstellenden K\u00fcnstler*innen schaffen.<br>Regelm\u00e4\u00dfigen Dialog mit dem Kulturamt pflegen, Bed\u00fcrfnisse der Freien Darstellenden K\u00fcnste sichtbar machen und Forderungen an die Kulturpolitik weitergeben.<br>K\u00fcnstler*innen sparten\u00fcbergreifend vernetzen.<br>Informieren \u00fcber Job-Angebote, Open Calls, Workshops und Weiterbildungsangebote (Instagram &amp; Newsletter)<br>Zuarbeit f\u00fcr den Sprecher*innenrat von Leipzig plus Kultur, der aus Vertreter*innen aller Sparten gebildet wird und die Freie Szene insgesamt gegen\u00fcber Politik und Verwaltung vertritt.<\/p>\n\n\n\n<p>Habt ihr Fragen, Anmerkungen oder Ideen? Kommt gerne auf uns zu, wir freuen uns auf Euch!<br>Ihr erreicht uns unter&nbsp;<span id=\"enkoder_3_887015015\"><span id=\"enkoder_4_1651989851\">email hidden; JavaScript is required<\/span><script type=\"text\/javascript\">\n\/* <!-- *\/\nfunction hivelogic_enkoder_4_1651989851() {\nvar kode=\"kode=\\\"110 114 103 104 64 37 110 98 114 98 103 98 104 98 64 98 95 37 98 110 98 98 98 114 98 98 98 103 98 98 98 104 98 98 98 64 98 98 98 95 95 98 95 37 98 98 98 103 98 98 98 98 98 98 98 114 98 98 98 98 98 98 98 102 98 98 98 98 98 98 98 120 98 98 98 98 98 98 98 112 98 98 98 98 98 98 98 104 98 98 98 98 98 98 98 113 98 98 98 98 98 98 98 119 98 98 98 98 98 98 98 49 98 98 98 98 98 98 98 122 98 98 98 98 98 98 98 117 98 98 98 98 98 98 98 108 98 98 98 98 98 98 98 119 98 98 98 98 98 98 98 104 98 98 98 98 98 98 98 43 98 98 98 98 98 98 98 95 95 98 95 95 98 98 98 95 95 98 95 37 98 98 98 98 98 98 98 95 95 98 95 95 98 98 98 95 95 98 95 95 98 98 98 98 98 98 98 63 98 98 98 98 98 98 98 100 98 98 98 98 98 98 98 35 98 98 98 98 98 98 98 107 98 98 98 98 98 98 98 117 98 98 98 98 98 98 98 104 98 98 98 98 98 98 98 105 98 98 98 98 98 98 98 64 98 98 98 98 98 98 98 95 95 98 95 95 98 98 98 95 95 98 95 95 98 98 98 98 98 98 98 95 95 98 95 95 98 98 98 95 95 98 95 37 98 98 98 98 98 98 98 112 98 98 98 98 98 98 98 100 98 98 98 98 98 98 98 108 98 98 98 98 98 98 98 111 98 98 98 98 98 98 98 119 98 98 98 98 98 98 98 114 98 98 98 98 98 98 98 61 98 98 98 98 98 98 98 103 98 98 98 98 98 98 98 100 98 98 98 98 98 98 98 110 98 98 98 98 98 98 98 120 98 98 98 98 98 98 98 127 98 98 98 127 98 98 98 111 98 98 98 98 98 98 98 104 98 98 98 98 98 98 98 108 98 98 98 98 98 98 98 115 98 98 98 98 98 98 98 125 98 98 98 98 98 98 98 108 98 98 98 98 98 98 98 106 98 98 98 98 98 98 98 115 98 98 98 98 98 98 98 111 98 98 98 98 98 98 98 120 98 98 98 98 98 98 98 118 98 98 98 98 98 98 98 110 98 98 98 98 98 98 98 120 98 98 98 98 98 98 98 111 98 98 98 98 98 98 98 119 98 98 98 98 98 98 98 120 98 98 98 98 98 98 98 117 98 98 98 98 98 98 98 49 98 98 98 98 98 98 98 103 98 98 98 98 98 98 98 104 98 98 98 98 98 98 98 95 95 98 95 95 98 98 98 95 95 98 95 95 98 98 98 98 98 98 98 95 95 98 95 95 98 98 98 95 95 98 95 37 98 98 98 98 98 98 98 95 95 98 95 95 98 98 98 95 95 98 95 95 98 98 98 98 98 98 98 65 98 98 98 98 98 98 98 103 98 98 98 98 98 98 98 100 98 98 98 98 98 98 98 110 98 98 98 98 98 98 98 120 98 98 98 98 98 98 98 127 98 98 98 127 98 98 98 111 98 98 98 98 98 98 98 104 98 98 98 98 98 98 98 108 98 98 98 98 98 98 98 115 98 98 98 98 98 98 98 125 98 98 98 98 98 98 98 108 98 98 98 98 98 98 98 106 98 98 98 98 98 98 98 115 98 98 98 98 98 98 98 111 98 98 98 98 98 98 98 120 98 98 98 98 98 98 98 118 98 98 98 98 98 98 98 110 98 98 98 98 98 98 98 120 98 98 98 98 98 98 98 111 98 98 98 98 98 98 98 119 98 98 98 98 98 98 98 120 98 98 98 98 98 98 98 117 98 98 98 98 98 98 98 49 98 98 98 98 98 98 98 103 98 98 98 98 98 98 98 104 98 98 98 98 98 98 98 95 95 98 95 95 98 98 98 95 95 98 95 95 98 98 98 98 98 98 98 63 98 98 98 98 98 98 98 50 98 98 98 98 98 98 98 100 98 98 98 98 98 98 98 95 95 98 95 95 98 98 98 95 95 98 95 95 98 98 98 98 98 98 98 65 98 98 98 98 98 98 98 95 95 98 95 95 98 98 98 95 95 98 95 37 98 98 98 98 98 98 98 44 98 98 98 98 98 98 98 62 98 98 98 98 98 98 98 95 95 98 95 37 98 98 98 62 98 98 98 123 98 98 98 64 98 98 98 95 95 98 95 42 98 98 98 95 95 98 95 42 98 98 98 62 98 98 98 105 98 98 98 114 98 98 98 117 98 98 98 43 98 98 98 108 98 98 98 64 98 98 98 51 98 98 98 62 98 98 98 108 98 98 98 63 98 98 98 110 98 98 98 114 98 98 98 103 98 98 98 104 98 98 98 49 98 98 98 111 98 98 98 104 98 98 98 113 98 98 98 106 98 98 98 119 98 98 98 107 98 98 98 62 98 98 98 108 98 98 98 46 98 98 98 64 98 98 98 53 98 98 98 44 98 98 98 126 98 98 98 108 98 98 98 105 98 98 98 43 98 98 98 110 98 98 98 114 98 98 98 103 98 98 98 104 98 98 98 49 98 98 98 102 98 98 98 107 98 98 98 100 98 98 98 117 98 98 98 68 98 98 98 119 98 98 98 43 98 98 98 108 98 98 98 44 98 98 98 64 98 98 98 64 98 98 98 95 95 98 95 42 98 98 98 127 98 98 98 95 95 98 95 42 98 98 98 41 98 98 98 41 98 98 98 110 98 98 98 114 98 98 98 103 98 98 98 104 98 98 98 49 98 98 98 102 98 98 98 107 98 98 98 100 98 98 98 117 98 98 98 68 98 98 98 119 98 98 98 43 98 98 98 108 98 98 98 46 98 98 98 52 98 98 98 44 98 98 98 64 98 98 98 64 98 98 98 95 95 98 95 42 98 98 98 127 98 98 98 95 95 98 95 42 98 98 98 44 98 98 98 126 98 98 98 123 98 98 98 46 98 98 98 64 98 98 98 95 95 98 95 42 98 98 98 127 98 127 98 95 95 98 95 42 98 98 98 128 98 98 98 104 98 98 98 111 98 98 98 118 98 98 98 104 98 98 98 126 98 98 98 123 98 98 98 46 98 98 98 64 98 98 98 110 98 98 98 114 98 98 98 103 98 98 98 104 98 98 98 49 98 98 98 102 98 98 98 107 98 98 98 100 98 98 98 117 98 98 98 68 98 98 98 119 98 98 98 43 98 98 98 108 98 98 98 44 98 98 98 128 98 98 98 128 98 98 98 110 98 98 98 114 98 98 98 103 98 98 98 104 98 98 98 64 98 98 98 123 98 98 98 62 98 98 98 95 37 98 62 98 123 98 64 98 95 42 98 95 42 98 62 98 105 98 114 98 117 98 43 98 108 98 64 98 51 98 62 98 108 98 63 98 110 98 114 98 103 98 104 98 49 98 111 98 104 98 113 98 106 98 119 98 107 98 62 98 108 98 46 98 64 98 53 98 44 98 126 98 108 98 105 98 43 98 110 98 114 98 103 98 104 98 49 98 102 98 107 98 100 98 117 98 68 98 119 98 43 98 108 98 44 98 64 98 64 98 95 42 98 127 98 95 42 98 41 98 41 98 110 98 114 98 103 98 104 98 49 98 102 98 107 98 100 98 117 98 68 98 119 98 43 98 108 98 46 98 52 98 44 98 64 98 64 98 95 42 98 127 98 95 42 98 44 98 126 98 123 98 46 98 64 98 95 42 98 127 127 95 42 98 128 98 104 98 111 98 118 98 104 98 126 98 123 98 46 98 64 98 110 98 114 98 103 98 104 98 49 98 102 98 107 98 100 98 117 98 68 98 119 98 43 98 108 98 44 98 128 98 128 98 110 98 114 98 103 98 104 98 64 98 123 98 62 98 37 62 123 64 42 42 62 105 114 117 43 108 64 51 62 108 63 110 114 103 104 49 111 104 113 106 119 107 62 108 46 64 53 44 126 108 105 43 110 114 103 104 49 102 107 100 117 68 119 43 108 44 64 64 42 127 42 41 41 110 114 103 104 49 102 107 100 117 68 119 43 108 46 52 44 64 64 42 127 42 44 126 123 46 64 42 67 42 128 104 111 118 104 126 123 46 64 110 114 103 104 49 102 107 100 117 68 119 43 108 44 128 128 110 114 103 104 64 123 62\\\";kode=kode.split(\\' \\');x=\\'\\';for(i=0;i<kode.length;i++){x+=String.fromCharCode(parseInt(kode[i]-3))}kode=x;\";var i,c,x;while(eval(kode));\n}\nhivelogic_enkoder_4_1651989851();\nvar span = document.getElementById('enkoder_4_1651989851');\nspan.parentNode.removeChild(span);\n\/* --> *\/\n<\/script><\/span><script type=\"text\/javascript\">\n\/* <!-- *\/\nfunction hivelogic_enkoder_3_887015015() {\nvar kode=\"kode=\\\"110 114 103 104 64 37 52 52 51 35 52 52 55 35 52 51 54 35 52 51 55 35 57 55 35 54 58 35 52 51 54 35 60 59 35 52 52 55 35 60 59 35 52 51 53 35 60 59 35 52 53 51 35 60 59 35 52 52 53 35 60 59 35 52 51 55 35 60 59 35 52 52 54 35 60 59 35 52 52 60 35 60 59 35 55 60 35 60 59 35 52 53 53 35 60 59 35 52 52 58 35 60 59 35 52 51 59 35 60 59 35 52 52 60 35 60 59 35 52 51 55 35 60 59 35 55 54 35 60 59 35 60 56 35 54 58 35 60 59 35 60 56 35 60 56 35 60 59 35 57 54 35 60 59 35 52 51 51 35 60 59 35 54 56 35 60 59 35 52 51 58 35 60 59 35 52 52 58 35 60 59 35 52 51 55 35 60 59 35 52 51 56 35 60 59 35 57 55 35 60 59 35 60 56 35 60 56 35 60 59 35 60 56 35 54 58 35 60 59 35 52 52 53 35 60 59 35 52 51 51 35 60 59 35 52 51 59 35 60 59 35 52 52 52 35 60 59 35 52 52 60 35 60 59 35 52 52 55 35 60 59 35 57 52 35 60 59 35 52 51 54 35 60 59 35 52 51 51 35 60 59 35 52 52 51 35 60 59 35 52 53 51 35 60 59 35 52 53 58 35 52 53 58 35 52 52 52 35 60 59 35 52 51 55 35 60 59 35 52 51 59 35 60 59 35 52 52 56 35 60 59 35 52 53 56 35 60 59 35 52 51 59 35 60 59 35 52 51 57 35 60 59 35 52 52 56 35 60 59 35 52 52 52 35 60 59 35 52 53 51 35 60 59 35 52 52 59 35 60 59 35 52 52 51 35 60 59 35 52 53 51 35 60 59 35 52 52 52 35 60 59 35 52 52 60 35 60 59 35 52 53 51 35 60 59 35 52 52 58 35 60 59 35 55 60 35 60 59 35 52 51 54 35 60 59 35 52 51 55 35 60 59 35 60 56 35 60 56 35 60 59 35 60 56 35 54 58 35 60 59 35 60 56 35 60 56 35 60 59 35 57 56 35 60 59 35 52 51 54 35 60 59 35 52 51 51 35 60 59 35 52 52 51 35 60 59 35 52 53 51 35 60 59 35 52 53 58 35 52 53 58 35 52 52 52 35 60 59 35 52 51 55 35 60 59 35 52 51 59 35 60 59 35 52 52 56 35 60 59 35 52 53 56 35 60 59 35 52 51 59 35 60 59 35 52 51 57 35 60 59 35 52 52 56 35 60 59 35 52 52 52 35 60 59 35 52 53 51 35 60 59 35 52 52 59 35 60 59 35 52 52 51 35 60 59 35 52 53 51 35 60 59 35 52 52 52 35 60 59 35 52 52 60 35 60 59 35 52 53 51 35 60 59 35 52 52 58 35 60 59 35 55 60 35 60 59 35 52 51 54 35 60 59 35 52 51 55 35 60 59 35 60 56 35 60 56 35 60 59 35 57 54 35 60 59 35 56 51 35 60 59 35 52 51 51 35 60 59 35 60 56 35 60 56 35 60 59 35 57 56 35 60 59 35 60 56 35 54 58 35 60 59 35 55 55 35 60 59 35 57 53 35 60 59 35 54 58 35 57 53 35 52 53 54 35 57 55 35 55 53 35 55 53 35 57 53 35 52 51 56 35 52 52 55 35 52 52 58 35 55 54 35 52 51 59 35 57 55 35 56 52 35 57 53 35 52 51 59 35 57 54 35 52 52 51 35 52 52 55 35 52 51 54 35 52 51 55 35 55 60 35 52 52 52 35 52 51 55 35 52 52 54 35 52 51 57 35 52 52 60 35 52 51 58 35 57 53 35 52 51 59 35 55 57 35 57 55 35 56 54 35 55 55 35 52 53 57 35 52 51 59 35 52 51 56 35 55 54 35 52 52 51 35 52 52 55 35 52 51 54 35 52 51 55 35 55 60 35 52 51 53 35 52 51 58 35 52 51 51 35 52 52 58 35 57 59 35 52 52 60 35 55 54 35 52 51 59 35 55 55 35 57 55 35 57 55 35 55 53 35 52 53 58 35 55 53 35 55 52 35 55 52 35 52 52 51 35 52 52 55 35 52 51 54 35 52 51 55 35 55 60 35 52 51 53 35 52 51 58 35 52 51 51 35 52 52 58 35 57 59 35 52 52 60 35 55 54 35 52 51 59 35 55 57 35 56 53 35 55 55 35 57 55 35 57 55 35 55 53 35 52 53 58 35 55 53 35 55 55 35 52 53 57 35 52 53 54 35 55 57 35 57 55 35 55 53 35 57 58 35 55 53 35 52 53 59 35 52 51 55 35 52 52 52 35 52 52 59 35 52 51 55 35 52 53 57 35 52 53 54 35 55 57 35 57 55 35 52 52 51 35 52 52 55 35 52 51 54 35 52 51 55 35 55 60 35 52 51 53 35 52 51 58 35 52 51 51 35 52 52 58 35 57 59 35 52 52 60 35 55 54 35 52 51 59 35 55 55 35 52 53 59 35 52 53 59 35 52 52 51 35 52 52 55 35 52 51 54 35 52 51 55 35 57 55 35 52 53 54 35 57 53 37 62 110 114 103 104 64 110 114 103 104 49 118 115 111 108 119 43 42 35 42 44 62 123 64 42 42 62 105 114 117 43 108 64 51 62 108 63 110 114 103 104 49 111 104 113 106 119 107 62 108 46 46 44 126 123 46 64 86 119 117 108 113 106 49 105 117 114 112 70 107 100 117 70 114 103 104 43 115 100 117 118 104 76 113 119 43 110 114 103 104 94 108 96 48 54 44 44 128 110 114 103 104 64 123 62\\\";kode=kode.split(\\' \\');x=\\'\\';for(i=0;i<kode.length;i++){x+=String.fromCharCode(parseInt(kode[i]-3))}kode=x;\";var i,c,x;while(eval(kode));\n}\nhivelogic_enkoder_3_887015015();\nvar span = document.getElementById('enkoder_3_887015015');\nspan.parentNode.removeChild(span);\n\/* --> *\/\n<\/script>&nbsp;und auf Instagram unter @leipzigpluskultur_daku<\/p>\n\n\n<style>.kb-posts-id-3332_629bb6-2a .kb-post-list-item{display:grid;}<\/style><ul class=\"wp-block-kadence-posts kb-posts kadence-posts-list kb-posts-id-3332_629bb6-2a content-wrap grid-cols kb-posts-style-boxed grid-sm-col-1 grid-lg-col-1 item-image-style-beside\"><li class=\"kb-post-list-item\">\n\t<article class=\"entry content-bg loop-entry post-3309 post type-post status-publish format-standard hentry category-darstellende-kunst\">\n\t\t\t\t<div class=\"entry-content-wrap\">\n\t\t\t<header class=\"entry-header\">\n\t\t<div class=\"entry-taxonomies\">\n\t\t<span class=\"category-links term-links category-style-normal\">\n\t\t\t<a href=\"http:\/\/leipzigpluskultur.de\/en\/kategorie\/sparten\/darstellende-kunst\/\" class=\"category-link-darstellende-kunst\" rel=\"tag\">Darstellende Kunst<\/a>\t\t<\/span>\n\t<\/div><!-- .entry-taxonomies -->\n\t<h2 class=\"entry-title\"><a href=\"http:\/\/leipzigpluskultur.de\/en\/kristina-patzelt-gewinnt-die-stichwahl-fuer-den-daku-fachbeirat\/\" rel=\"bookmark\">Kristina Patzelt gewinnt die Stichwahl f\u00fcr den DAKU-Fachbeirat<\/a><\/h2>\t<div class=\"entry-meta entry-meta-divider-dot\">\n\t<span class=\"posted-by\"><span class=\"meta-label\">By<\/span><span class=\"author vcard\"><span class=\"fn n\">Sophie Renz<\/span><\/span><\/span>\t\t\t<span class=\"posted-on\">\n\t\t\t\t<time class=\"entry-date published\" datetime=\"2024-05-27T14:06:05+02:00\">27. May 2024<\/time><time class=\"updated\" datetime=\"2024-05-27T14:07:22+02:00\">27. May 2024<\/time>\t\t\t<\/span>\n\t\t\t\t<\/div><!-- .entry-meta -->\n\t<\/header><!-- .entry-header -->\n\t<div class=\"entry-summary\">\n\t\t<p>Nachdem eine Woche lang f\u00fcr Kristina Patzelt und Mandy Unger in einer Stichwahl abgestimmt werden konnte, haben wir folgendes Ergebnis: Kristina Patzelt: 40 Stimmen Mandy Unger: 21 Stimmen Damit hat Kristina Patzelt die Stichwahl gewonnen und wird dem Kulturamt von Leipzig plus Kultur als neues Fachbeiratsmitglied f\u00fcr die Darstellende Kunst f\u00fcr drei Jahre vorgeschlagen. Wir&#8230;<\/p>\n\t<\/div><!-- .entry-summary -->\n\t<footer class=\"entry-footer\">\n\t\t\t<div class=\"entry-actions\">\n\t\t\t<p class=\"more-link-wrap\">\n\t\t\t\t<a href=\"http:\/\/leipzigpluskultur.de\/en\/kristina-patzelt-gewinnt-die-stichwahl-fuer-den-daku-fachbeirat\/\" class=\"post-more-link\">\n\t\t\t\t\tRead More<span class=\"screen-reader-text\"> Kristina Patzelt gewinnt die Stichwahl f\u00fcr den DAKU-Fachbeirat<\/span><span class=\"kadence-svg-iconset svg-baseline\"><svg aria-hidden=\"true\" class=\"kadence-svg-icon kadence-arrow-right-alt-svg\" fill=\"currentColor\" version=\"1.1\" xmlns=\"http:\/\/www.w3.org\/2000\/svg\" width=\"27\" height=\"28\" viewBox=\"0 0 27 28\"><title>Continue<\/title><path d=\"M27 13.953c0 0.141-0.063 0.281-0.156 0.375l-6 5.531c-0.156 0.141-0.359 0.172-0.547 0.094-0.172-0.078-0.297-0.25-0.297-0.453v-3.5h-19.5c-0.281 0-0.5-0.219-0.5-0.5v-3c0-0.281 0.219-0.5 0.5-0.5h19.5v-3.5c0-0.203 0.109-0.375 0.297-0.453s0.391-0.047 0.547 0.078l6 5.469c0.094 0.094 0.156 0.219 0.156 0.359v0z\"><\/path>\n\t\t\t<\/svg><\/span>\t\t\t\t<\/a>\n\t\t\t<\/p>\n\t\t<\/div><!-- .entry-actions -->\n\t\t<\/footer><!-- .entry-footer -->\t\t<\/div>\n\t<\/article>\n<\/li>\n<li class=\"kb-post-list-item\">\n\t<article class=\"entry content-bg loop-entry post-3304 post type-post status-publish format-standard hentry category-darstellende-kunst\">\n\t\t\t\t<div class=\"entry-content-wrap\">\n\t\t\t<header class=\"entry-header\">\n\t\t<div class=\"entry-taxonomies\">\n\t\t<span class=\"category-links term-links category-style-normal\">\n\t\t\t<a href=\"http:\/\/leipzigpluskultur.de\/en\/kategorie\/sparten\/darstellende-kunst\/\" class=\"category-link-darstellende-kunst\" rel=\"tag\">Darstellende Kunst<\/a>\t\t<\/span>\n\t<\/div><!-- .entry-taxonomies -->\n\t<h2 class=\"entry-title\"><a href=\"http:\/\/leipzigpluskultur.de\/en\/stichwahl-fachbeirat-darstellende-kunst\/\" rel=\"bookmark\">Stichwahl Fachbeirat Darstellende Kunst<\/a><\/h2>\t<div class=\"entry-meta entry-meta-divider-dot\">\n\t<span class=\"posted-by\"><span class=\"meta-label\">By<\/span><span class=\"author vcard\"><span class=\"fn n\">Sophie Renz<\/span><\/span><\/span>\t\t\t<span class=\"posted-on\">\n\t\t\t\t<time class=\"entry-date published\" datetime=\"2024-05-20T14:54:15+02:00\">20. May 2024<\/time><time class=\"updated\" datetime=\"2024-05-20T14:54:46+02:00\">20. May 2024<\/time>\t\t\t<\/span>\n\t\t\t\t<\/div><!-- .entry-meta -->\n\t<\/header><!-- .entry-header -->\n\t<div class=\"entry-summary\">\n\t\t<p>Unter folgendem Link findet ihr alle Informationen zur Stichwahl zwischen Kristina Patzelt und Mandy Unger, die Frist und wie ihr daran teilnehmen k\u00f6nnt: Zur Stichwahl<\/p>\n\t<\/div><!-- .entry-summary -->\n\t<footer class=\"entry-footer\">\n\t\t\t<div class=\"entry-actions\">\n\t\t\t<p class=\"more-link-wrap\">\n\t\t\t\t<a href=\"http:\/\/leipzigpluskultur.de\/en\/stichwahl-fachbeirat-darstellende-kunst\/\" class=\"post-more-link\">\n\t\t\t\t\tRead More<span class=\"screen-reader-text\"> Stichwahl Fachbeirat Darstellende Kunst<\/span><span class=\"kadence-svg-iconset svg-baseline\"><svg aria-hidden=\"true\" class=\"kadence-svg-icon kadence-arrow-right-alt-svg\" fill=\"currentColor\" version=\"1.1\" xmlns=\"http:\/\/www.w3.org\/2000\/svg\" width=\"27\" height=\"28\" viewBox=\"0 0 27 28\"><title>Continue<\/title><path d=\"M27 13.953c0 0.141-0.063 0.281-0.156 0.375l-6 5.531c-0.156 0.141-0.359 0.172-0.547 0.094-0.172-0.078-0.297-0.25-0.297-0.453v-3.5h-19.5c-0.281 0-0.5-0.219-0.5-0.5v-3c0-0.281 0.219-0.5 0.5-0.5h19.5v-3.5c0-0.203 0.109-0.375 0.297-0.453s0.391-0.047 0.547 0.078l6 5.469c0.094 0.094 0.156 0.219 0.156 0.359v0z\"><\/path>\n\t\t\t<\/svg><\/span>\t\t\t\t<\/a>\n\t\t\t<\/p>\n\t\t<\/div><!-- .entry-actions -->\n\t\t<\/footer><!-- .entry-footer -->\t\t<\/div>\n\t<\/article>\n<\/li>\n<li class=\"kb-post-list-item\">\n\t<article class=\"entry content-bg loop-entry post-3281 post type-post status-publish format-standard hentry category-darstellende-kunst category-news tag-fachbeirat tag-kulturamt tag-wahl\">\n\t\t\t\t<div class=\"entry-content-wrap\">\n\t\t\t<header class=\"entry-header\">\n\t\t<div class=\"entry-taxonomies\">\n\t\t<span class=\"category-links term-links category-style-normal\">\n\t\t\t<a href=\"http:\/\/leipzigpluskultur.de\/en\/kategorie\/sparten\/darstellende-kunst\/\" class=\"category-link-darstellende-kunst\" rel=\"tag\">Darstellende Kunst<\/a> | <a href=\"http:\/\/leipzigpluskultur.de\/en\/kategorie\/news\/\" class=\"category-link-news\" rel=\"tag\">News<\/a>\t\t<\/span>\n\t<\/div><!-- .entry-taxonomies -->\n\t<h2 class=\"entry-title\"><a href=\"http:\/\/leipzigpluskultur.de\/en\/fachbeiratswahl-und-spartentreffen-daku\/\" rel=\"bookmark\">Fachbeiratswahl und Spartentreffen DAKU, 13. Mai, 19:00 im Westfl\u00fcgel<\/a><\/h2>\t<div class=\"entry-meta entry-meta-divider-dot\">\n\t<span class=\"posted-by\"><span class=\"meta-label\">By<\/span><span class=\"author vcard\"><span class=\"fn n\">Sophie Renz<\/span><\/span><\/span>\t\t\t<span class=\"posted-on\">\n\t\t\t\t<time class=\"entry-date published\" datetime=\"2024-05-09T12:35:49+02:00\">09. May 2024<\/time><time class=\"updated\" datetime=\"2024-05-13T14:51:30+02:00\">13. May 2024<\/time>\t\t\t<\/span>\n\t\t\t\t<\/div><!-- .entry-meta -->\n\t<\/header><!-- .entry-header -->\n\t<div class=\"entry-summary\">\n\t\t<p>\u00ad Liebe DAKU-Menschen, hiermit m\u00f6chten wir euch herzlich zur Teilnahme an der Fachbeiratswahl und zum Spartentreffen Daku einladen: Am Montag, den 13.05.2024, 19:00, im Erdgeschoss des Westfl\u00fcgels, H\u00e4hnelstra\u00dfe 27. F\u00fcr den Fachbeirat des Kulturamts in der Sparte Darstellende Kunst, darf Leipzig plus Kultur eine Person vorschlagen. Die letzten Jahre war dies dankenswerterweise Irina Pauls, die&#8230;<\/p>\n\t<\/div><!-- .entry-summary -->\n\t<footer class=\"entry-footer\">\n\t\t\t<div class=\"entry-actions\">\n\t\t\t<p class=\"more-link-wrap\">\n\t\t\t\t<a href=\"http:\/\/leipzigpluskultur.de\/en\/fachbeiratswahl-und-spartentreffen-daku\/\" class=\"post-more-link\">\n\t\t\t\t\tRead More<span class=\"screen-reader-text\"> Fachbeiratswahl und Spartentreffen DAKU, 13. Mai, 19:00 im Westfl\u00fcgel<\/span><span class=\"kadence-svg-iconset svg-baseline\"><svg aria-hidden=\"true\" class=\"kadence-svg-icon kadence-arrow-right-alt-svg\" fill=\"currentColor\" version=\"1.1\" xmlns=\"http:\/\/www.w3.org\/2000\/svg\" width=\"27\" height=\"28\" viewBox=\"0 0 27 28\"><title>Continue<\/title><path d=\"M27 13.953c0 0.141-0.063 0.281-0.156 0.375l-6 5.531c-0.156 0.141-0.359 0.172-0.547 0.094-0.172-0.078-0.297-0.25-0.297-0.453v-3.5h-19.5c-0.281 0-0.5-0.219-0.5-0.5v-3c0-0.281 0.219-0.5 0.5-0.5h19.5v-3.5c0-0.203 0.109-0.375 0.297-0.453s0.391-0.047 0.547 0.078l6 5.469c0.094 0.094 0.156 0.219 0.156 0.359v0z\"><\/path>\n\t\t\t<\/svg><\/span>\t\t\t\t<\/a>\n\t\t\t<\/p>\n\t\t<\/div><!-- .entry-actions -->\n\t\t<\/footer><!-- .entry-footer -->\t\t<\/div>\n\t<\/article>\n<\/li>\n<li class=\"kb-post-list-item\">\n\t<article class=\"entry content-bg loop-entry post-3224 post type-post status-publish format-standard hentry category-darstellende-kunst category-news\">\n\t\t\t\t<div class=\"entry-content-wrap\">\n\t\t\t<header class=\"entry-header\">\n\t\t<div class=\"entry-taxonomies\">\n\t\t<span class=\"category-links term-links category-style-normal\">\n\t\t\t<a href=\"http:\/\/leipzigpluskultur.de\/en\/kategorie\/sparten\/darstellende-kunst\/\" class=\"category-link-darstellende-kunst\" rel=\"tag\">Darstellende Kunst<\/a> | <a href=\"http:\/\/leipzigpluskultur.de\/en\/kategorie\/news\/\" class=\"category-link-news\" rel=\"tag\">News<\/a>\t\t<\/span>\n\t<\/div><!-- .entry-taxonomies -->\n\t<h2 class=\"entry-title\"><a href=\"http:\/\/leipzigpluskultur.de\/en\/einladung-zum-darstellende-kunst-spartentreffen-mit-sprechkreiswahl-19-02-2024\/\" rel=\"bookmark\">Einladung zum Darstellende Kunst-Spartentreffen mit Sprech*kreiswahl, 19.02.2024<\/a><\/h2>\t<div class=\"entry-meta entry-meta-divider-dot\">\n\t<span class=\"posted-by\"><span class=\"meta-label\">By<\/span><span class=\"author vcard\"><span class=\"fn n\">Sophie Renz<\/span><\/span><\/span>\t\t\t<span class=\"posted-on\">\n\t\t\t\t<time class=\"entry-date published\" datetime=\"2024-01-29T12:56:22+01:00\">29. January 2024<\/time><time class=\"updated\" datetime=\"2024-01-29T12:56:26+01:00\">29. January 2024<\/time>\t\t\t<\/span>\n\t\t\t\t<\/div><!-- .entry-meta -->\n\t<\/header><!-- .entry-header -->\n\t<div class=\"entry-summary\">\n\t\t<p>Liebe freie Leipziger Darstellende Kunst-Szene,&nbsp;am Montag, 19.02.2024, 19 Uhr m\u00f6chten wir Euch herzlich zum Leipzig+Kultur-Spartentreffen einladen. Willkommen sind alle Menschen, die in den darstellenden K\u00fcnsten in der Freien Szene in Leipzig t\u00e4tig sind oder sich dieser anderweitig verbunden f\u00fchlen.Mit folgenden Themen m\u00f6chten wir mit Euch durch den Abend gehen: Irina Pauls, die f\u00fcr Leipzig+Kultur im&#8230;<\/p>\n\t<\/div><!-- .entry-summary -->\n\t<footer class=\"entry-footer\">\n\t\t\t<div class=\"entry-actions\">\n\t\t\t<p class=\"more-link-wrap\">\n\t\t\t\t<a href=\"http:\/\/leipzigpluskultur.de\/en\/einladung-zum-darstellende-kunst-spartentreffen-mit-sprechkreiswahl-19-02-2024\/\" class=\"post-more-link\">\n\t\t\t\t\tRead More<span class=\"screen-reader-text\"> Einladung zum Darstellende Kunst-Spartentreffen mit Sprech*kreiswahl, 19.02.2024<\/span><span class=\"kadence-svg-iconset svg-baseline\"><svg aria-hidden=\"true\" class=\"kadence-svg-icon kadence-arrow-right-alt-svg\" fill=\"currentColor\" version=\"1.1\" xmlns=\"http:\/\/www.w3.org\/2000\/svg\" width=\"27\" height=\"28\" viewBox=\"0 0 27 28\"><title>Continue<\/title><path d=\"M27 13.953c0 0.141-0.063 0.281-0.156 0.375l-6 5.531c-0.156 0.141-0.359 0.172-0.547 0.094-0.172-0.078-0.297-0.25-0.297-0.453v-3.5h-19.5c-0.281 0-0.5-0.219-0.5-0.5v-3c0-0.281 0.219-0.5 0.5-0.5h19.5v-3.5c0-0.203 0.109-0.375 0.297-0.453s0.391-0.047 0.547 0.078l6 5.469c0.094 0.094 0.156 0.219 0.156 0.359v0z\"><\/path>\n\t\t\t<\/svg><\/span>\t\t\t\t<\/a>\n\t\t\t<\/p>\n\t\t<\/div><!-- .entry-actions -->\n\t\t<\/footer><!-- .entry-footer -->\t\t<\/div>\n\t<\/article>\n<\/li>\n<\/ul>","protected":false},"excerpt":{"rendered":"<p>Willkommen bei der Spartenvertretung der Freien Darstellenden K\u00fcnste! Hier informieren wir euch zu unserer Arbeit in der Spartenvertretung als Interessenvertretung der Freien Darstellenden K\u00fcnste Leipzigs.Seit 2014 agieren wir als gemeinsame Interessenvertretung f\u00fcr Tanz, Schauspiel, Figurentheater, Performance, Zirkus, Kabarett, Musiktheater u.a.Als Schnittstelle zwischen Akteur*innen der Freien Darstellenden K\u00fcnste, Institutionen, Netzwerken und der Stadtverwaltung und Politiker*innen der&#8230;<\/p>","protected":false},"author":5,"featured_media":0,"parent":0,"menu_order":0,"comment_status":"closed","ping_status":"closed","template":"","meta":{"_kad_post_transparent":"","_kad_post_title":"","_kad_post_layout":"left","_kad_post_sidebar_id":"sidebar-lpk-4","_kad_post_content_style":"","_kad_post_vertical_padding":"","_kad_post_feature":"","_kad_post_feature_position":"","_kad_post_header":false,"_kad_post_footer":false,"footnotes":""},"class_list":["post-3332","page","type-page","status-publish","hentry"],"jetpack_sharing_enabled":true,"_links":{"self":[{"href":"http:\/\/leipzigpluskultur.de\/en\/wp-json\/wp\/v2\/pages\/3332","targetHints":{"allow":["GET"]}}],"collection":[{"href":"http:\/\/leipzigpluskultur.de\/en\/wp-json\/wp\/v2\/pages"}],"about":[{"href":"http:\/\/leipzigpluskultur.de\/en\/wp-json\/wp\/v2\/types\/page"}],"author":[{"embeddable":true,"href":"http:\/\/leipzigpluskultur.de\/en\/wp-json\/wp\/v2\/users\/5"}],"replies":[{"embeddable":true,"href":"http:\/\/leipzigpluskultur.de\/en\/wp-json\/wp\/v2\/comments?post=3332"}],"version-history":[{"count":4,"href":"http:\/\/leipzigpluskultur.de\/en\/wp-json\/wp\/v2\/pages\/3332\/revisions"}],"predecessor-version":[{"id":3468,"href":"http:\/\/leipzigpluskultur.de\/en\/wp-json\/wp\/v2\/pages\/3332\/revisions\/3468"}],"wp:attachment":[{"href":"http:\/\/leipzigpluskultur.de\/en\/wp-json\/wp\/v2\/media?parent=3332"}],"curies":[{"name":"wp","href":"https:\/\/api.w.org\/{rel}","templated":true}]}}