{"id":3342,"date":"2024-06-01T18:27:43","date_gmt":"2024-06-01T16:27:43","guid":{"rendered":"http:\/\/leipzigpluskultur.de\/?page_id=3342"},"modified":"2026-01-22T10:27:49","modified_gmt":"2026-01-22T09:27:49","slug":"musik","status":"publish","type":"page","link":"http:\/\/leipzigpluskultur.de\/en\/musik\/","title":{"rendered":"Music"},"content":{"rendered":"\n<p><strong>Die Spartenvertretung<\/strong><br>Sandra Havenstein (Sprecherin), David Novell, Susanne Stock, Damian Ibn Salem, Marina Schlagintweit, Stephan Deller, Patrick Schanze<\/p>\n\n\n\n<p>Entsandt in den Fachbeirat Musik 1: Susanne Stock, Fachbeirat Musik 2: Steffen Roth<\/p>\n\n\n\n<p><strong>\u00d6ffentliche Treffen<\/strong><br><br><strong>09.09. Montag <\/strong>19:00 Uhr Spartentreffen Musik Vollversammlung (mehr Infos im Beitrag unten)<br><br><strong>Kontakt<\/strong>: <span id=\"enkoder_1_1807190724\">email hidden; JavaScript is required<\/span><script type=\"text\/javascript\">\n\/* <!-- *\/\nfunction hivelogic_enkoder_1_1807190724() {\nvar kode=\"kode=\\\"110 114 103 104 64 37 110 98 114 98 103 98 104 98 64 98 95 37 98 114 98 110 98 104 98 103 98 95 95 98 95 37 98 64 98 110 98 114 98 103 98 104 98 95 95 98 95 37 98 95 95 98 95 95 98 51 98 64 98 35 98 52 98 52 98 54 98 35 98 52 98 51 98 55 98 35 98 52 98 53 98 53 98 35 98 52 98 52 98 51 98 35 98 52 98 51 98 53 98 35 98 52 98 52 98 55 98 35 98 52 98 52 98 54 98 35 98 52 98 60 98 60 98 52 98 55 98 53 98 35 98 52 98 53 98 58 98 35 98 52 98 52 98 59 98 35 98 52 98 51 98 60 98 35 98 52 98 52 98 55 98 35 98 55 98 51 98 35 98 35 98 58 98 54 98 60 98 54 98 35 98 35 98 54 98 56 98 52 98 57 98 51 98 35 98 54 98 51 98 35 98 35 98 51 98 56 98 35 98 52 98 52 98 58 98 35 98 52 98 51 98 58 98 35 98 52 98 51 98 55 98 35 98 52 98 55 98 56 98 60 98 57 98 35 98 35 98 58 98 56 98 52 98 54 98 53 98 35 98 52 98 52 98 51 98 35 98 52 98 51 98 59 98 35 98 52 98 51 98 52 98 35 98 52 98 52 98 60 98 35 98 52 98 52 98 55 98 35 98 57 98 52 98 35 98 35 98 52 98 52 98 35 98 52 98 53 98 53 98 35 98 52 98 52 98 51 98 35 98 52 98 51 98 59 98 35 98 52 98 52 98 59 98 35 98 52 98 58 98 51 98 52 98 57 98 52 98 35 98 52 98 52 98 55 98 35 98 52 98 51 98 59 98 35 98 52 98 51 98 56 98 35 98 52 98 52 98 56 98 35 98 52 98 53 98 59 98 35 98 52 98 51 98 57 98 35 98 52 98 51 98 56 98 35 98 52 98 52 98 52 98 35 98 52 98 52 98 51 98 35 98 52 98 53 98 59 98 35 98 52 98 52 98 51 98 35 98 52 98 52 98 51 98 35 98 52 98 53 98 52 98 35 98 52 98 52 98 60 98 35 98 52 98 52 98 51 98 35 98 52 98 53 98 58 98 35 98 55 98 52 98 35 98 35 98 51 98 60 98 35 98 52 98 51 98 54 98 35 98 52 98 56 98 55 98 54 98 60 98 35 98 35 98 56 98 58 98 57 98 60 98 35 98 35 98 52 98 56 98 35 98 52 98 53 98 53 98 35 98 52 98 52 98 51 98 35 98 52 98 51 98 59 98 35 98 52 98 52 98 59 98 35 98 52 98 58 98 51 98 52 98 57 98 52 98 35 98 52 98 52 98 55 98 35 98 52 98 51 98 59 98 35 98 52 98 51 98 56 98 35 98 52 98 52 98 56 98 35 98 52 98 53 98 59 98 35 98 52 98 51 98 57 98 35 98 52 98 51 98 56 98 35 98 52 98 52 98 52 98 35 98 52 98 52 98 51 98 35 98 52 98 53 98 59 98 35 98 52 98 52 98 51 98 35 98 52 98 52 98 51 98 35 98 52 98 53 98 52 98 35 98 52 98 52 98 60 98 35 98 52 98 52 98 51 98 35 98 52 98 53 98 58 98 35 98 55 98 52 98 35 98 35 98 51 98 60 98 35 98 52 98 51 98 54 98 35 98 52 98 56 98 55 98 57 98 60 98 35 98 35 98 51 98 54 98 52 98 56 98 51 98 35 98 60 98 51 98 35 98 35 98 56 98 56 98 54 98 57 98 35 98 35 98 55 98 58 98 57 98 55 98 95 95 98 95 95 98 35 98 53 98 95 95 98 95 37 98 62 98 110 98 114 98 103 98 104 98 64 98 110 98 114 98 103 98 104 98 49 98 118 98 115 98 111 98 108 98 119 98 95 95 98 95 42 98 95 95 98 95 95 98 95 95 98 95 95 98 43 98 35 98 95 95 98 95 42 98 44 98 62 98 123 98 64 98 95 95 98 95 42 98 95 95 98 95 95 98 95 95 98 95 42 98 95 95 98 95 95 98 62 98 105 98 114 98 117 98 43 98 108 98 64 98 51 98 62 98 108 98 63 98 110 98 114 98 103 98 104 98 49 98 111 98 104 98 113 98 106 98 119 98 107 98 62 98 108 98 46 98 46 98 44 98 126 98 123 98 46 98 64 98 86 98 119 98 117 98 108 98 113 98 106 98 49 98 105 98 117 98 114 98 112 98 70 98 107 98 100 98 117 98 70 98 114 98 103 98 104 98 43 98 115 98 100 98 117 98 118 98 104 98 76 98 113 98 119 98 43 98 110 98 114 98 103 98 104 98 94 98 108 98 96 98 48 98 54 98 44 98 44 98 128 98 110 98 114 98 103 98 104 98 64 98 123 98 95 95 98 95 37 98 62 98 123 98 62 98 95 95 98 95 42 98 64 98 62 98 95 95 98 95 42 98 114 98 105 98 43 98 117 98 64 98 108 98 62 98 51 98 63 98 108 98 110 98 43 98 103 98 114 98 49 98 104 98 104 98 111 98 106 98 113 98 107 98 119 98 52 98 48 98 62 98 44 98 46 98 108 98 53 98 64 98 126 98 44 98 46 98 123 98 110 98 64 98 103 98 114 98 49 98 104 98 107 98 102 98 117 98 100 98 119 98 68 98 108 98 43 98 52 98 46 98 46 98 44 98 114 98 110 98 104 98 103 98 102 98 49 98 100 98 107 98 68 98 117 98 43 98 119 98 44 98 108 98 110 98 128 98 103 98 114 98 64 98 104 98 46 98 123 98 108 98 43 98 110 98 63 98 103 98 114 98 49 98 104 98 104 98 111 98 106 98 113 98 107 98 119 98 110 98 66 98 103 98 114 98 49 98 104 98 107 98 102 98 117 98 100 98 119 98 68 98 110 98 43 98 103 98 114 98 49 98 104 98 104 98 111 98 106 98 113 98 107 98 119 98 52 98 48 98 61 98 44 98 95 95 98 95 42 98 95 95 98 95 42 98 62 98 44 98 95 37 98 62 98 123 98 64 98 95 42 98 95 42 98 62 98 105 98 114 98 117 98 43 98 108 98 64 98 51 98 62 98 108 98 63 98 43 98 110 98 114 98 103 98 104 98 49 98 111 98 104 98 113 98 106 98 119 98 107 98 48 98 52 98 44 98 62 98 108 98 46 98 64 98 53 98 44 98 126 98 123 98 46 98 64 98 110 98 114 98 103 98 104 98 49 98 102 98 107 98 100 98 117 98 68 98 119 98 43 98 108 98 46 98 52 98 44 98 46 98 110 98 114 98 103 98 104 98 49 98 102 98 107 98 100 98 117 98 68 98 119 98 43 98 108 98 44 98 128 98 110 98 114 98 103 98 104 98 64 98 123 98 46 98 43 98 108 98 63 98 110 98 114 98 103 98 104 98 49 98 111 98 104 98 113 98 106 98 119 98 107 98 66 98 110 98 114 98 103 98 104 98 49 98 102 98 107 98 100 98 117 98 68 98 119 98 43 98 110 98 114 98 103 98 104 98 49 98 111 98 104 98 113 98 106 98 119 98 107 98 48 98 52 98 44 98 61 98 95 42 98 95 42 98 44 98 62 98 37 62 123 64 42 42 62 105 114 117 43 108 64 51 62 108 63 110 114 103 104 49 111 104 113 106 119 107 62 108 46 64 53 44 126 108 105 43 110 114 103 104 49 102 107 100 117 68 119 43 108 44 64 64 42 127 42 41 41 110 114 103 104 49 102 107 100 117 68 119 43 108 46 52 44 64 64 42 127 42 44 126 123 46 64 42 67 42 128 104 111 118 104 126 123 46 64 110 114 103 104 49 102 107 100 117 68 119 43 108 44 128 128 110 114 103 104 64 123 62\\\";kode=kode.split(\\' \\');x=\\'\\';for(i=0;i<kode.length;i++){x+=String.fromCharCode(parseInt(kode[i]-3))}kode=x;\";var i,c,x;while(eval(kode));\n}\nhivelogic_enkoder_1_1807190724();\nvar span = document.getElementById('enkoder_1_1807190724');\nspan.parentNode.removeChild(span);\n\/* --> *\/\n<\/script><\/p>\n\n\n\n<figure class=\"wp-block-image size-large\"><img loading=\"lazy\" decoding=\"async\" width=\"1024\" height=\"715\" src=\"http:\/\/leipzigpluskultur.de\/wp-content\/uploads\/2024\/07\/Organigramm-1024x715.png\" alt=\"\" class=\"wp-image-3386\" srcset=\"https:\/\/leipzigpluskultur.de\/wp-content\/uploads\/2024\/07\/Organigramm-1024x715.png 1024w, https:\/\/leipzigpluskultur.de\/wp-content\/uploads\/2024\/07\/Organigramm-300x210.png 300w, https:\/\/leipzigpluskultur.de\/wp-content\/uploads\/2024\/07\/Organigramm-768x536.png 768w, https:\/\/leipzigpluskultur.de\/wp-content\/uploads\/2024\/07\/Organigramm-1536x1073.png 1536w, https:\/\/leipzigpluskultur.de\/wp-content\/uploads\/2024\/07\/Organigramm-2048x1431.png 2048w, https:\/\/leipzigpluskultur.de\/wp-content\/uploads\/2024\/07\/Organigramm-18x12.png 18w\" sizes=\"auto, (max-width: 1024px) 100vw, 1024px\" \/><\/figure>\n\n\n\n<p><\/p>\n\n\n<style>.kb-posts-id-3342_ee10cf-b8 .kb-post-list-item{display:grid;}<\/style><ul class=\"wp-block-kadence-posts kb-posts kadence-posts-list kb-posts-id-3342_ee10cf-b8 content-wrap grid-cols kb-posts-style-boxed grid-sm-col-1 grid-lg-col-1 item-image-style-beside\"><li class=\"kb-post-list-item\">\n\t<article class=\"entry content-bg loop-entry post-3376 post type-post status-publish format-standard hentry category-musik category-news\">\n\t\t\t\t<div class=\"entry-content-wrap\">\n\t\t\t<header class=\"entry-header\">\n\t\t<div class=\"entry-taxonomies\">\n\t\t<span class=\"category-links term-links category-style-normal\">\n\t\t\t<a href=\"http:\/\/leipzigpluskultur.de\/en\/kategorie\/sparten\/musik\/\" class=\"category-link-musik\" rel=\"tag\">Musik<\/a> | <a href=\"http:\/\/leipzigpluskultur.de\/en\/kategorie\/news\/\" class=\"category-link-news\" rel=\"tag\">News<\/a>\t\t<\/span>\n\t<\/div><!-- .entry-taxonomies -->\n\t<h2 class=\"entry-title\"><a href=\"http:\/\/leipzigpluskultur.de\/en\/spartentreffen-musik-vollversammlung-9-9-24\/\" rel=\"bookmark\">Spartentreffen Musik Vollversammlung 9.9.24<\/a><\/h2>\t<div class=\"entry-meta entry-meta-divider-dot\">\n\t<span class=\"posted-by\"><span class=\"meta-label\">By<\/span><span class=\"author vcard\"><span class=\"fn n\">Sophie Renz<\/span><\/span><\/span>\t\t\t<span class=\"posted-on\">\n\t\t\t\t<time class=\"entry-date published\" datetime=\"2024-07-24T16:58:44+02:00\">24. July 2024<\/time><time class=\"updated\" datetime=\"2024-09-05T18:20:30+02:00\">05. September 2024<\/time>\t\t\t<\/span>\n\t\t\t\t<\/div><!-- .entry-meta -->\n\t<\/header><!-- .entry-header -->\n\t<div class=\"entry-summary\">\n\t\t<p>wir laden die gesamte Musikszene Leipzigs ein sich politisch zu engagieren und eine neue Spartenvertretung zu w\u00e4hlen. Wir entsenden au\u00dferdem eine neue Person in den Fachbeirat Musik 1. Ihr wollt euch zur Wahl aufstellen lassen? Dann schreibt uns bis zum 1. September.<\/p>\n\t<\/div><!-- .entry-summary -->\n\t<footer class=\"entry-footer\">\n\t\t\t<div class=\"entry-actions\">\n\t\t\t<p class=\"more-link-wrap\">\n\t\t\t\t<a href=\"http:\/\/leipzigpluskultur.de\/en\/spartentreffen-musik-vollversammlung-9-9-24\/\" class=\"post-more-link\">\n\t\t\t\t\tRead More<span class=\"screen-reader-text\"> Spartentreffen Musik Vollversammlung 9.9.24<\/span><span class=\"kadence-svg-iconset svg-baseline\"><svg aria-hidden=\"true\" class=\"kadence-svg-icon kadence-arrow-right-alt-svg\" fill=\"currentColor\" version=\"1.1\" xmlns=\"http:\/\/www.w3.org\/2000\/svg\" width=\"27\" height=\"28\" viewBox=\"0 0 27 28\"><title>Continue<\/title><path d=\"M27 13.953c0 0.141-0.063 0.281-0.156 0.375l-6 5.531c-0.156 0.141-0.359 0.172-0.547 0.094-0.172-0.078-0.297-0.25-0.297-0.453v-3.5h-19.5c-0.281 0-0.5-0.219-0.5-0.5v-3c0-0.281 0.219-0.5 0.5-0.5h19.5v-3.5c0-0.203 0.109-0.375 0.297-0.453s0.391-0.047 0.547 0.078l6 5.469c0.094 0.094 0.156 0.219 0.156 0.359v0z\"><\/path>\n\t\t\t<\/svg><\/span>\t\t\t\t<\/a>\n\t\t\t<\/p>\n\t\t<\/div><!-- .entry-actions -->\n\t\t<\/footer><!-- .entry-footer -->\t\t<\/div>\n\t<\/article>\n<\/li>\n<li class=\"kb-post-list-item\">\n\t<article class=\"entry content-bg loop-entry post-3250 post type-post status-publish format-standard hentry category-musik\">\n\t\t\t\t<div class=\"entry-content-wrap\">\n\t\t\t<header class=\"entry-header\">\n\t\t<div class=\"entry-taxonomies\">\n\t\t<span class=\"category-links term-links category-style-normal\">\n\t\t\t<a href=\"http:\/\/leipzigpluskultur.de\/en\/kategorie\/sparten\/musik\/\" class=\"category-link-musik\" rel=\"tag\">Musik<\/a>\t\t<\/span>\n\t<\/div><!-- .entry-taxonomies -->\n\t<h2 class=\"entry-title\"><a href=\"http:\/\/leipzigpluskultur.de\/en\/treffen-der-sparte-musik\/\" rel=\"bookmark\">Aktuelle Treffen der Sparte Musik<\/a><\/h2>\t<div class=\"entry-meta entry-meta-divider-dot\">\n\t<span class=\"posted-by\"><span class=\"meta-label\">By<\/span><span class=\"author vcard\"><span class=\"fn n\">Sophie Renz<\/span><\/span><\/span>\t\t\t<span class=\"posted-on\">\n\t\t\t\t<time class=\"entry-date published\" datetime=\"2024-03-10T17:16:14+01:00\">10. March 2024<\/time><time class=\"updated\" datetime=\"2024-03-10T17:21:15+01:00\">10. March 2024<\/time>\t\t\t<\/span>\n\t\t\t\t<\/div><!-- .entry-meta -->\n\t<\/header><!-- .entry-header -->\n\t<div class=\"entry-summary\">\n\t\t<p>einmal im Monat trifft sich die Sparte Musik um \u00fcber aktuelle kulturpolitische Themen zu diskutieren. Die Treffen sind f\u00fcr alle Interessenten offen. Wir bitten trotzdem um eine Anmeldung, damit wir die Treffen vorbereiten und die Gastgeber*innen informieren k\u00f6nnen. n\u00e4chste Treffen 02. April 20:00 Uhr online 07. Mai 20:00 Uhr Kulturstiftung Leipzig Anmeldung \u00fcber: email hidden;&#8230;<\/p>\n\t<\/div><!-- .entry-summary -->\n\t<footer class=\"entry-footer\">\n\t\t\t<div class=\"entry-actions\">\n\t\t\t<p class=\"more-link-wrap\">\n\t\t\t\t<a href=\"http:\/\/leipzigpluskultur.de\/en\/treffen-der-sparte-musik\/\" class=\"post-more-link\">\n\t\t\t\t\tRead More<span class=\"screen-reader-text\"> Aktuelle Treffen der Sparte Musik<\/span><span class=\"kadence-svg-iconset svg-baseline\"><svg aria-hidden=\"true\" class=\"kadence-svg-icon kadence-arrow-right-alt-svg\" fill=\"currentColor\" version=\"1.1\" xmlns=\"http:\/\/www.w3.org\/2000\/svg\" width=\"27\" height=\"28\" viewBox=\"0 0 27 28\"><title>Continue<\/title><path d=\"M27 13.953c0 0.141-0.063 0.281-0.156 0.375l-6 5.531c-0.156 0.141-0.359 0.172-0.547 0.094-0.172-0.078-0.297-0.25-0.297-0.453v-3.5h-19.5c-0.281 0-0.5-0.219-0.5-0.5v-3c0-0.281 0.219-0.5 0.5-0.5h19.5v-3.5c0-0.203 0.109-0.375 0.297-0.453s0.391-0.047 0.547 0.078l6 5.469c0.094 0.094 0.156 0.219 0.156 0.359v0z\"><\/path>\n\t\t\t<\/svg><\/span>\t\t\t\t<\/a>\n\t\t\t<\/p>\n\t\t<\/div><!-- .entry-actions -->\n\t\t<\/footer><!-- .entry-footer -->\t\t<\/div>\n\t<\/article>\n<\/li>\n<li class=\"kb-post-list-item\">\n\t<article class=\"entry content-bg loop-entry post-3212 post type-post status-publish format-standard hentry category-musik category-news\">\n\t\t\t\t<div class=\"entry-content-wrap\">\n\t\t\t<header class=\"entry-header\">\n\t\t<div class=\"entry-taxonomies\">\n\t\t<span class=\"category-links term-links category-style-normal\">\n\t\t\t<a href=\"http:\/\/leipzigpluskultur.de\/en\/kategorie\/sparten\/musik\/\" class=\"category-link-musik\" rel=\"tag\">Musik<\/a> | <a href=\"http:\/\/leipzigpluskultur.de\/en\/kategorie\/news\/\" class=\"category-link-news\" rel=\"tag\">News<\/a>\t\t<\/span>\n\t<\/div><!-- .entry-taxonomies -->\n\t<h2 class=\"entry-title\"><a href=\"http:\/\/leipzigpluskultur.de\/en\/umfrage-zur-raumsituation-fuer-musikschaffende-in-leipzig-sparte-musik\/\" rel=\"bookmark\">Umfrage zur Raumsituation f\u00fcr Musikschaffende in Leipzig\u00a0\u00ad &#8211; Sparte Musik<\/a><\/h2>\t<div class=\"entry-meta entry-meta-divider-dot\">\n\t<span class=\"posted-by\"><span class=\"meta-label\">By<\/span><span class=\"author vcard\"><span class=\"fn n\">Sophie Renz<\/span><\/span><\/span>\t\t\t<span class=\"posted-on\">\n\t\t\t\t<time class=\"entry-date published\" datetime=\"2024-01-07T23:44:56+01:00\">07. January 2024<\/time><time class=\"updated\" datetime=\"2024-01-07T23:44:59+01:00\">07. January 2024<\/time>\t\t\t<\/span>\n\t\t\t\t<\/div><!-- .entry-meta -->\n\t<\/header><!-- .entry-header -->\n\t<div class=\"entry-summary\">\n\t\t<p>Umfrage zur Raumsituation f\u00fcr Musikschaffende in Leipzig&nbsp;\u00ad \u00ad\u00ad\u00ad\u00adLiebe freiberufliche Musikschaffende in Leipzig! Wir m\u00f6chten den aktuellen Bedarf an Arbeitsr\u00e4umen f\u00fcr freiberufliche Musikschaffende ermitteln. Ihr helft uns, indem ihr folgende kurze (!) Umfrage ausf\u00fcllt: https:\/\/www.umfrageonline.com\/c\/wcyi9ujk Seid ihr zufrieden mit eurer Arbeitsraum Situation?\u00a0Habt ihr eigene Probe-, Unterrichts- oder \u00dcber\u00e4ume &amp; Studios?\u00a0Seid ihr auf der Suche? Wir m\u00f6chten&#8230;<\/p>\n\t<\/div><!-- .entry-summary -->\n\t<footer class=\"entry-footer\">\n\t\t\t<div class=\"entry-actions\">\n\t\t\t<p class=\"more-link-wrap\">\n\t\t\t\t<a href=\"http:\/\/leipzigpluskultur.de\/en\/umfrage-zur-raumsituation-fuer-musikschaffende-in-leipzig-sparte-musik\/\" class=\"post-more-link\">\n\t\t\t\t\tRead More<span class=\"screen-reader-text\"> Umfrage zur Raumsituation f\u00fcr Musikschaffende in Leipzig\u00a0\u00ad &#8211; Sparte Musik<\/span><span class=\"kadence-svg-iconset svg-baseline\"><svg aria-hidden=\"true\" class=\"kadence-svg-icon kadence-arrow-right-alt-svg\" fill=\"currentColor\" version=\"1.1\" xmlns=\"http:\/\/www.w3.org\/2000\/svg\" width=\"27\" height=\"28\" viewBox=\"0 0 27 28\"><title>Continue<\/title><path d=\"M27 13.953c0 0.141-0.063 0.281-0.156 0.375l-6 5.531c-0.156 0.141-0.359 0.172-0.547 0.094-0.172-0.078-0.297-0.25-0.297-0.453v-3.5h-19.5c-0.281 0-0.5-0.219-0.5-0.5v-3c0-0.281 0.219-0.5 0.5-0.5h19.5v-3.5c0-0.203 0.109-0.375 0.297-0.453s0.391-0.047 0.547 0.078l6 5.469c0.094 0.094 0.156 0.219 0.156 0.359v0z\"><\/path>\n\t\t\t<\/svg><\/span>\t\t\t\t<\/a>\n\t\t\t<\/p>\n\t\t<\/div><!-- .entry-actions -->\n\t\t<\/footer><!-- .entry-footer -->\t\t<\/div>\n\t<\/article>\n<\/li>\n<\/ul>","protected":false},"excerpt":{"rendered":"<p>Die SpartenvertretungSandra Havenstein (Sprecherin), David Novell, Susanne Stock, Damian Ibn Salem, Marina Schlagintweit, Stephan Deller, Patrick Schanze Entsandt in den Fachbeirat Musik 1: Susanne Stock, Fachbeirat Musik 2: Steffen Roth \u00d6ffentliche Treffen 09.09. Montag 19:00 Uhr Spartentreffen Musik Vollversammlung (mehr Infos im Beitrag unten) Kontakt: email hidden; JavaScript is required<\/p>","protected":false},"author":5,"featured_media":0,"parent":0,"menu_order":0,"comment_status":"closed","ping_status":"closed","template":"","meta":{"_kad_post_transparent":"","_kad_post_title":"","_kad_post_layout":"left","_kad_post_sidebar_id":"sidebar-lpk-4","_kad_post_content_style":"","_kad_post_vertical_padding":"","_kad_post_feature":"","_kad_post_feature_position":"","_kad_post_header":false,"_kad_post_footer":false,"footnotes":""},"class_list":["post-3342","page","type-page","status-publish","hentry"],"jetpack_sharing_enabled":true,"_links":{"self":[{"href":"http:\/\/leipzigpluskultur.de\/en\/wp-json\/wp\/v2\/pages\/3342","targetHints":{"allow":["GET"]}}],"collection":[{"href":"http:\/\/leipzigpluskultur.de\/en\/wp-json\/wp\/v2\/pages"}],"about":[{"href":"http:\/\/leipzigpluskultur.de\/en\/wp-json\/wp\/v2\/types\/page"}],"author":[{"embeddable":true,"href":"http:\/\/leipzigpluskultur.de\/en\/wp-json\/wp\/v2\/users\/5"}],"replies":[{"embeddable":true,"href":"http:\/\/leipzigpluskultur.de\/en\/wp-json\/wp\/v2\/comments?post=3342"}],"version-history":[{"count":8,"href":"http:\/\/leipzigpluskultur.de\/en\/wp-json\/wp\/v2\/pages\/3342\/revisions"}],"predecessor-version":[{"id":3562,"href":"http:\/\/leipzigpluskultur.de\/en\/wp-json\/wp\/v2\/pages\/3342\/revisions\/3562"}],"wp:attachment":[{"href":"http:\/\/leipzigpluskultur.de\/en\/wp-json\/wp\/v2\/media?parent=3342"}],"curies":[{"name":"wp","href":"https:\/\/api.w.org\/{rel}","templated":true}]}}