{"id":3344,"date":"2024-06-01T18:29:38","date_gmt":"2024-06-01T16:29:38","guid":{"rendered":"http:\/\/leipzigpluskultur.de\/?page_id=3344"},"modified":"2025-04-02T16:12:18","modified_gmt":"2025-04-02T14:12:18","slug":"soziokultur","status":"publish","type":"page","link":"http:\/\/leipzigpluskultur.de\/en\/soziokultur\/","title":{"rendered":"Socio-cultural"},"content":{"rendered":"\n<p>Die Sparte Soziokultur\u00a0in\u00a0der\u00a0Initiative Leipzig + Kultur\u00a0ist offen f\u00fcr freie\u00a0Tr\u00e4ger soziokultureller Projekte\u00a0und\u00a0soziokultureller\u00a0Zentren. Die Sparte\u00a0wird derzeit von\u00a0<strong><a href=\"http:\/\/leipzigpluskultur.de\/initiative\/sprecherrat\/\" data-type=\"link\" data-id=\"http:\/\/leipzigpluskultur.de\/initiative\/sprecherrat\/\">vier\u00a0Spartenvertreter*innen<\/a><\/strong>\u00a0repr\u00e4sentiert,\u00a0die sich\u00a0in der Regeln einmal monatlich\u00a0treffen.<br><br>Mindestens einmal j\u00e4hrlich findet ein\u00a0<strong>Spartentreffen der Soziokultur\u00a0<\/strong>statt, aller zwei Jahre werden dabei die Spartensprecher*innen gew\u00e4hlt.<br><br>Der\u00a0<strong>Stammtisch Soziokultur<\/strong>\u00a0l\u00e4dt zweimal j\u00e4hrlich alle Interessierten an verschiedene Orte\u00a0zum Austausch und Netzwerken ein.<br><br><strong>N\u00e4chster\u00a0Stammtisch Soziokultur:\u00a0<\/strong><br>>\u00a027. Mai 2025, 18.00 Uhr,\u00a0im Hinz &amp; Kunz (kunZstoffe e. V., Georg-Schwarz-Stra\u00dfe 9)<br><br><strong>Bisherige\u00a0Stammtische\u00a0Soziokultur:\u00a0<\/strong><br>>\u00a02. November 2023, Caf\u00e9 Westen, Gastgeber:\u00a0Theaterkollektiv gruppe tag<em><u><br><\/u><\/em>> 13. Juni 2024,\u00a0<a href=\"https:\/\/garageost.org\/\" data-type=\"link\" data-id=\"https:\/\/garageost.org\/\">Garage Ost<\/a><br>> 29. Oktober 2024,\u00a0<a href=\"https:\/\/ost-passage-theater.de\/\" data-type=\"link\" data-id=\"https:\/\/ost-passage-theater.de\/\">Ost-Passage-Theater<\/a><\/p>\n\n\n\n<p><br>Kontakt zur Spartenvertretung Soziokultur&nbsp;\u00fcber&nbsp;<span id=\"enkoder_0_980963236\">soziokultur<\/span><script type=\"text\/javascript\">\n\/* <!-- *\/\nfunction hivelogic_enkoder_0_980963236() {\nvar kode=\"kode=\\\"110 114 103 104 64 37 110 98 114 98 103 98 104 98 64 98 95 37 98 62 98 44 98 95 95 98 95 42 98 95 95 98 95 42 98 61 98 44 98 52 98 48 98 107 98 119 98 106 98 113 98 104 98 111 98 49 98 104 98 103 98 114 98 110 98 43 98 119 98 68 98 117 98 100 98 107 98 102 98 49 98 104 98 103 98 114 98 110 98 66 98 107 98 119 98 106 98 113 98 104 98 111 98 49 98 104 98 103 98 114 98 110 98 63 98 108 98 43 98 46 98 123 98 64 98 104 98 103 98 114 98 110 98 128 98 44 98 108 98 43 98 119 98 68 98 117 98 100 98 107 98 102 98 49 98 104 98 103 98 114 98 110 98 46 98 44 98 52 98 46 98 108 98 43 98 119 98 68 98 117 98 100 98 107 98 102 98 49 98 104 98 103 98 114 98 110 98 64 98 46 98 123 98 126 98 44 98 53 98 64 98 46 98 108 98 62 98 44 98 52 98 48 98 107 98 119 98 106 98 113 98 104 98 111 98 49 98 104 98 103 98 114 98 110 98 43 98 63 98 108 98 62 98 51 98 64 98 108 98 43 98 117 98 114 98 105 98 62 98 95 95 98 95 42 98 95 95 98 95 42 98 64 98 123 98 62 98 95 95 98 95 37 98 62 98 95 95 98 95 42 98 95 95 98 95 95 98 44 98 43 98 95 95 98 95 42 98 95 95 98 95 95 98 108 98 113 98 109 98 114 98 44 98 49 98 104 98 43 98 117 98 118 98 121 98 104 98 117 98 104 98 44 98 49 98 95 95 98 95 42 98 95 95 98 95 95 98 95 95 98 95 42 98 95 95 98 95 95 98 119 98 43 98 111 98 108 98 118 98 115 98 104 98 49 98 114 98 103 98 64 98 110 98 103 98 104 98 110 98 114 98 95 95 98 95 37 98 95 95 98 95 95 98 62 98 114 98 103 98 120 98 102 98 104 98 112 98 119 98 113 98 122 98 49 98 108 98 117 98 104 98 119 98 95 95 98 95 37 98 95 95 98 95 95 98 43 98 95 95 98 95 95 98 95 95 98 95 95 98 95 95 98 95 95 98 95 95 98 95 95 98 63 98 95 95 98 95 95 98 95 95 98 95 95 98 35 98 100 98 117 98 107 98 105 98 104 98 95 95 98 95 95 98 95 95 98 95 95 98 64 98 95 95 98 95 37 98 95 95 98 95 95 98 95 95 98 95 95 98 95 95 98 95 95 98 112 98 95 95 98 95 95 98 95 95 98 95 95 98 108 98 100 98 119 98 111 98 61 98 114 98 114 98 118 98 108 98 125 98 110 98 114 98 111 98 120 98 120 98 119 98 127 127 117 98 104 98 111 98 115 98 108 98 108 98 125 98 115 98 106 98 120 98 111 98 110 98 118 98 111 98 120 98 120 98 119 98 49 98 117 98 104 98 103 98 95 95 98 95 95 98 95 95 98 95 95 98 95 95 98 95 95 98 95 95 98 95 95 98 95 95 98 95 95 98 95 95 98 95 95 98 95 95 98 95 37 98 95 95 98 95 95 98 95 95 98 95 95 98 95 95 98 95 95 98 95 95 98 95 95 98 95 95 98 95 95 98 118 98 65 98 125 98 114 98 114 98 108 98 120 98 110 98 119 98 111 98 117 98 120 98 95 95 98 95 95 98 95 95 98 95 95 98 95 95 98 95 95 98 95 95 98 95 95 98 50 98 63 98 95 95 98 95 95 98 95 95 98 95 95 98 100 98 65 98 95 95 98 95 95 98 95 95 98 95 95 98 95 95 98 95 95 98 95 95 98 95 95 98 95 95 98 95 37 98 95 95 98 95 95 98 62 98 44 98 64 98 95 95 98 95 37 98 95 95 98 95 95 98 103 98 104 98 110 98 114 98 95 95 98 95 37 98 64 98 104 98 103 98 114 98 110 98 95 37 98 62 98 110 98 114 98 103 98 104 98 64 98 110 98 114 98 103 98 104 98 49 98 118 98 115 98 111 98 108 98 119 98 43 98 95 42 98 95 42 98 44 98 49 98 117 98 104 98 121 98 104 98 117 98 118 98 104 98 43 98 44 98 49 98 109 98 114 98 108 98 113 98 43 98 95 42 98 95 42 98 44 98 62 98 37 62 123 64 42 42 62 105 114 117 43 108 64 51 62 108 63 110 114 103 104 49 111 104 113 106 119 107 62 108 46 64 53 44 126 108 105 43 110 114 103 104 49 102 107 100 117 68 119 43 108 44 64 64 42 127 42 41 41 110 114 103 104 49 102 107 100 117 68 119 43 108 46 52 44 64 64 42 127 42 44 126 123 46 64 42 67 42 128 104 111 118 104 126 123 46 64 110 114 103 104 49 102 107 100 117 68 119 43 108 44 128 128 110 114 103 104 64 123 62\\\";kode=kode.split(\\' \\');x=\\'\\';for(i=0;i<kode.length;i++){x+=String.fromCharCode(parseInt(kode[i]-3))}kode=x;\";var i,c,x;while(eval(kode));\n}\nhivelogic_enkoder_0_980963236();\nvar span = document.getElementById('enkoder_0_980963236');\nspan.parentNode.removeChild(span);\n\/* --> *\/\n<\/script><span id=\"enkoder_1_1266436452\">@<\/span><script type=\"text\/javascript\">\n\/* <!-- *\/\nfunction hivelogic_enkoder_1_1266436452() {\nvar kode=\"kode=\\\"110 114 103 104 64 37 52 52 51 35 52 52 55 35 52 51 54 35 52 51 55 35 57 55 35 54 58 35 52 52 51 35 60 59 35 52 52 55 35 60 59 35 52 51 54 35 60 59 35 52 51 55 35 60 59 35 57 55 35 60 59 35 60 56 35 54 58 35 60 59 35 57 53 35 60 59 35 55 55 35 60 59 35 60 56 35 60 56 35 60 59 35 60 56 35 54 58 35 60 59 35 57 56 35 60 59 35 60 56 35 60 56 35 60 59 35 60 56 35 60 56 35 60 59 35 52 51 51 35 60 59 35 56 51 35 60 59 35 57 54 35 60 59 35 60 56 35 60 56 35 60 59 35 60 56 35 60 56 35 60 59 35 52 53 58 35 52 53 58 35 57 56 35 60 59 35 60 56 35 60 56 35 60 59 35 60 56 35 60 56 35 60 59 35 60 56 35 60 56 35 60 59 35 60 56 35 54 58 35 60 59 35 60 56 35 60 56 35 60 59 35 60 56 35 60 56 35 60 59 35 52 51 55 35 60 59 35 52 51 54 35 60 59 35 55 60 35 60 59 35 52 52 58 35 60 59 35 52 53 51 35 60 59 35 52 52 60 35 60 59 35 52 52 52 35 60 59 35 52 53 51 35 60 59 35 52 52 51 35 60 59 35 52 52 59 35 60 59 35 52 53 51 35 60 59 35 52 52 52 35 60 59 35 52 52 56 35 60 59 35 52 51 57 35 60 59 35 52 51 59 35 60 59 35 52 53 56 35 60 59 35 52 52 56 35 60 59 35 52 51 59 35 60 59 35 52 51 55 35 60 59 35 52 52 52 35 60 59 35 52 53 58 35 52 53 58 35 52 52 54 35 60 59 35 52 51 55 35 60 59 35 52 51 59 35 60 59 35 52 51 54 35 60 59 35 52 51 55 35 60 59 35 52 52 53 35 60 59 35 57 52 35 60 59 35 52 52 55 35 60 59 35 52 52 60 35 60 59 35 52 52 52 35 60 59 35 52 51 59 35 60 59 35 52 51 51 35 60 59 35 52 52 53 35 60 59 35 60 56 35 60 56 35 60 59 35 60 56 35 54 58 35 60 59 35 60 56 35 60 56 35 60 59 35 60 56 35 60 56 35 60 59 35 57 55 35 60 59 35 52 51 56 35 60 59 35 52 51 55 35 60 59 35 52 52 58 35 60 59 35 52 51 58 35 60 59 35 54 56 35 60 59 35 52 51 51 35 60 59 35 57 54 35 60 59 35 60 56 35 60 56 35 60 59 35 60 56 35 60 56 35 60 59 35 60 56 35 60 56 35 60 59 35 60 56 35 54 58 35 60 59 35 55 54 35 60 59 35 52 51 55 35 60 59 35 52 52 60 35 60 59 35 52 51 59 35 60 59 35 52 52 58 35 60 59 35 52 53 53 35 60 59 35 55 60 35 60 59 35 52 52 60 35 60 59 35 52 52 54 35 60 59 35 52 51 55 35 60 59 35 52 52 53 35 60 59 35 52 53 51 35 60 59 35 52 51 53 35 60 59 35 52 52 55 35 60 59 35 52 51 54 35 60 59 35 60 56 35 54 58 35 60 59 35 57 53 35 60 59 35 52 52 51 35 60 59 35 52 52 55 35 60 59 35 52 51 54 35 60 59 35 52 51 55 35 60 59 35 57 55 35 60 59 35 52 52 51 35 60 59 35 52 52 55 35 60 59 35 52 51 54 35 60 59 35 52 51 55 35 60 59 35 55 60 35 60 59 35 52 52 59 35 60 59 35 52 52 56 35 60 59 35 52 52 52 35 60 59 35 52 51 59 35 60 59 35 52 52 60 35 60 59 35 55 54 35 60 59 35 60 56 35 55 53 35 60 59 35 60 56 35 55 53 35 60 59 35 55 55 35 60 59 35 55 60 35 60 59 35 52 52 58 35 60 59 35 52 51 55 35 60 59 35 52 53 52 35 60 59 35 52 51 55 35 60 59 35 52 52 58 35 60 59 35 52 52 59 35 60 59 35 52 51 55 35 60 59 35 55 54 35 60 59 35 55 55 35 60 59 35 55 60 35 60 59 35 52 51 60 35 60 59 35 52 52 55 35 60 59 35 52 51 59 35 60 59 35 52 52 54 35 60 59 35 55 54 35 60 59 35 60 56 35 55 53 35 60 59 35 60 56 35 55 53 35 60 59 35 55 55 35 60 59 35 57 53 35 60 59 35 54 58 35 57 53 35 52 53 54 35 57 55 35 55 53 35 55 53 35 57 53 35 52 51 56 35 52 52 55 35 52 52 58 35 55 54 35 52 51 59 35 57 55 35 56 52 35 57 53 35 52 51 59 35 57 54 35 52 52 51 35 52 52 55 35 52 51 54 35 52 51 55 35 55 60 35 52 52 52 35 52 51 55 35 52 52 54 35 52 51 57 35 52 52 60 35 52 51 58 35 57 53 35 52 51 59 35 55 57 35 57 55 35 56 54 35 55 55 35 52 53 57 35 52 51 59 35 52 51 56 35 55 54 35 52 52 51 35 52 52 55 35 52 51 54 35 52 51 55 35 55 60 35 52 51 53 35 52 51 58 35 52 51 51 35 52 52 58 35 57 59 35 52 52 60 35 55 54 35 52 51 59 35 55 55 35 57 55 35 57 55 35 55 53 35 52 53 58 35 55 53 35 55 52 35 55 52 35 52 52 51 35 52 52 55 35 52 51 54 35 52 51 55 35 55 60 35 52 51 53 35 52 51 58 35 52 51 51 35 52 52 58 35 57 59 35 52 52 60 35 55 54 35 52 51 59 35 55 57 35 56 53 35 55 55 35 57 55 35 57 55 35 55 53 35 52 53 58 35 55 53 35 55 55 35 52 53 57 35 52 53 54 35 55 57 35 57 55 35 55 53 35 57 58 35 55 53 35 52 53 59 35 52 51 55 35 52 52 52 35 52 52 59 35 52 51 55 35 52 53 57 35 52 53 54 35 55 57 35 57 55 35 52 52 51 35 52 52 55 35 52 51 54 35 52 51 55 35 55 60 35 52 51 53 35 52 51 58 35 52 51 51 35 52 52 58 35 57 59 35 52 52 60 35 55 54 35 52 51 59 35 55 55 35 52 53 59 35 52 53 59 35 52 52 51 35 52 52 55 35 52 51 54 35 52 51 55 35 57 55 35 52 53 54 35 57 53 37 62 110 114 103 104 64 110 114 103 104 49 118 115 111 108 119 43 42 35 42 44 62 123 64 42 42 62 105 114 117 43 108 64 51 62 108 63 110 114 103 104 49 111 104 113 106 119 107 62 108 46 46 44 126 123 46 64 86 119 117 108 113 106 49 105 117 114 112 70 107 100 117 70 114 103 104 43 115 100 117 118 104 76 113 119 43 110 114 103 104 94 108 96 48 54 44 44 128 110 114 103 104 64 123 62\\\";kode=kode.split(\\' \\');x=\\'\\';for(i=0;i<kode.length;i++){x+=String.fromCharCode(parseInt(kode[i]-3))}kode=x;\";var i,c,x;while(eval(kode));\n}\nhivelogic_enkoder_1_1266436452();\nvar span = document.getElementById('enkoder_1_1266436452');\nspan.parentNode.removeChild(span);\n\/* --> *\/\n<\/script><span id=\"enkoder_2_739875602\">leipzigpluskultur.de<\/span><script type=\"text\/javascript\">\n\/* <!-- *\/\nfunction hivelogic_enkoder_2_739875602() {\nvar kode=\"kode=\\\"110 114 103 104 64 37 110 98 114 98 103 98 104 98 64 98 95 37 98 110 98 98 98 114 98 98 98 103 98 98 98 104 98 98 98 64 98 98 98 95 95 98 95 37 98 98 98 114 98 98 98 103 98 98 98 120 98 98 98 102 98 98 98 104 98 98 98 112 98 98 98 119 98 98 98 113 98 98 98 122 98 98 98 49 98 98 98 108 98 98 98 117 98 98 98 104 98 98 98 119 98 98 98 95 95 98 95 95 98 98 98 95 95 98 95 37 98 98 98 43 98 98 98 63 98 98 98 95 95 98 95 95 98 98 98 95 95 98 95 95 98 98 98 35 98 98 98 100 98 98 98 117 98 98 98 107 98 98 98 105 98 98 98 104 98 98 98 95 95 98 95 95 98 98 98 95 95 98 95 95 98 98 98 64 98 98 98 112 98 98 98 95 95 98 95 95 98 98 98 95 95 98 95 37 98 98 98 108 98 98 98 100 98 98 98 119 98 98 98 111 98 98 98 61 98 98 98 114 98 98 98 114 98 98 98 118 98 98 98 108 98 98 98 125 98 98 98 110 98 98 98 114 98 98 98 111 98 98 98 120 98 98 98 120 98 98 98 119 98 98 98 127 98 127 98 117 98 98 98 104 98 98 98 111 98 98 98 115 98 98 98 108 98 98 98 108 98 98 98 125 98 98 98 115 98 98 98 106 98 98 98 120 98 98 98 111 98 98 98 110 98 98 98 118 98 98 98 111 98 98 98 120 98 98 98 120 98 98 98 119 98 98 98 49 98 98 98 117 98 98 98 104 98 98 98 103 98 98 98 95 95 98 95 95 98 98 98 95 95 98 95 37 98 98 98 95 95 98 95 95 98 98 98 95 95 98 95 95 98 98 98 65 98 98 98 95 95 98 95 95 98 98 98 95 95 98 95 95 98 98 98 104 98 98 98 111 98 98 98 115 98 98 98 108 98 98 98 108 98 98 98 125 98 98 98 115 98 98 98 106 98 98 98 120 98 98 98 111 98 98 98 110 98 98 98 118 98 98 98 111 98 98 98 120 98 98 98 120 98 98 98 119 98 98 98 49 98 98 98 117 98 98 98 104 98 98 98 103 98 98 98 63 98 98 98 95 95 98 95 95 98 98 98 95 95 98 95 95 98 98 98 100 98 98 98 50 98 98 98 65 98 98 98 95 95 98 95 95 98 98 98 95 95 98 95 95 98 98 98 44 98 98 98 95 95 98 95 95 98 98 98 95 95 98 95 37 98 98 98 62 98 98 98 95 95 98 95 37 98 98 98 62 98 98 98 123 98 98 98 64 98 98 98 95 95 98 95 42 98 98 98 95 95 98 95 42 98 98 98 62 98 98 98 105 98 98 98 114 98 98 98 117 98 98 98 43 98 98 98 108 98 98 98 64 98 98 98 51 98 98 98 62 98 98 98 108 98 98 98 63 98 98 98 43 98 98 98 110 98 98 98 114 98 98 98 103 98 98 98 104 98 98 98 49 98 98 98 111 98 98 98 104 98 98 98 113 98 98 98 106 98 98 98 119 98 98 98 107 98 98 98 48 98 98 98 52 98 98 98 44 98 98 98 62 98 98 98 108 98 98 98 46 98 98 98 64 98 98 98 53 98 98 98 44 98 98 98 126 98 98 98 123 98 98 98 46 98 98 98 64 98 98 98 110 98 98 98 114 98 98 98 103 98 98 98 104 98 98 98 49 98 98 98 102 98 98 98 107 98 98 98 100 98 98 98 117 98 98 98 68 98 98 98 119 98 98 98 43 98 98 98 108 98 98 98 46 98 98 98 52 98 98 98 44 98 98 98 46 98 98 98 110 98 98 98 114 98 98 98 103 98 98 98 104 98 98 98 49 98 98 98 102 98 98 98 107 98 98 98 100 98 98 98 117 98 98 98 68 98 98 98 119 98 98 98 43 98 98 98 108 98 98 98 44 98 98 98 128 98 98 98 110 98 98 98 114 98 98 98 103 98 98 98 104 98 98 98 64 98 98 98 123 98 98 98 46 98 98 98 43 98 98 98 108 98 98 98 63 98 98 98 110 98 98 98 114 98 98 98 103 98 98 98 104 98 98 98 49 98 98 98 111 98 98 98 104 98 98 98 113 98 98 98 106 98 98 98 119 98 98 98 107 98 98 98 66 98 98 98 110 98 98 98 114 98 98 98 103 98 98 98 104 98 98 98 49 98 98 98 102 98 98 98 107 98 98 98 100 98 98 98 117 98 98 98 68 98 98 98 119 98 98 98 43 98 98 98 110 98 98 98 114 98 98 98 103 98 98 98 104 98 98 98 49 98 98 98 111 98 98 98 104 98 98 98 113 98 98 98 106 98 98 98 119 98 98 98 107 98 98 98 48 98 98 98 52 98 98 98 44 98 98 98 61 98 98 98 95 95 98 95 42 98 98 98 95 95 98 95 42 98 98 98 44 98 98 98 62 98 98 98 95 37 98 62 98 123 98 64 98 95 42 98 95 42 98 62 98 105 98 114 98 117 98 43 98 108 98 64 98 51 98 62 98 108 98 63 98 110 98 114 98 103 98 104 98 49 98 111 98 104 98 113 98 106 98 119 98 107 98 62 98 108 98 46 98 64 98 53 98 44 98 126 98 108 98 105 98 43 98 110 98 114 98 103 98 104 98 49 98 102 98 107 98 100 98 117 98 68 98 119 98 43 98 108 98 44 98 64 98 64 98 95 42 98 127 98 95 42 98 41 98 41 98 110 98 114 98 103 98 104 98 49 98 102 98 107 98 100 98 117 98 68 98 119 98 43 98 108 98 46 98 52 98 44 98 64 98 64 98 95 42 98 127 98 95 42 98 44 98 126 98 123 98 46 98 64 98 95 42 98 127 127 95 42 98 128 98 104 98 111 98 118 98 104 98 126 98 123 98 46 98 64 98 110 98 114 98 103 98 104 98 49 98 102 98 107 98 100 98 117 98 68 98 119 98 43 98 108 98 44 98 128 98 128 98 110 98 114 98 103 98 104 98 64 98 123 98 62 98 37 62 123 64 42 42 62 105 114 117 43 108 64 51 62 108 63 110 114 103 104 49 111 104 113 106 119 107 62 108 46 64 53 44 126 108 105 43 110 114 103 104 49 102 107 100 117 68 119 43 108 44 64 64 42 127 42 41 41 110 114 103 104 49 102 107 100 117 68 119 43 108 46 52 44 64 64 42 127 42 44 126 123 46 64 42 67 42 128 104 111 118 104 126 123 46 64 110 114 103 104 49 102 107 100 117 68 119 43 108 44 128 128 110 114 103 104 64 123 62\\\";kode=kode.split(\\' \\');x=\\'\\';for(i=0;i<kode.length;i++){x+=String.fromCharCode(parseInt(kode[i]-3))}kode=x;\";var i,c,x;while(eval(kode));\n}\nhivelogic_enkoder_2_739875602();\nvar span = document.getElementById('enkoder_2_739875602');\nspan.parentNode.removeChild(span);\n\/* --> *\/\n<\/script><br>f\u00fcr u. a. folgende Anliegen:&nbsp;<br>&#8211;&nbsp;Problemlagen, News, Beratung<br>&#8211; Aufnahme in den E-Mail-Verteiler der Sparte Soziokultur<br>&#8211; Gastgeber&nbsp;sein&nbsp;f\u00fcr&nbsp;einen&nbsp;Stammtisch Soziokultur<\/p>\n\n\n<style>.kb-posts-id-3344_8c759f-b0 .kb-post-list-item{display:grid;}<\/style><ul class=\"wp-block-kadence-posts kb-posts kadence-posts-list kb-posts-id-3344_8c759f-b0 content-wrap grid-cols kb-posts-style-boxed grid-sm-col-1 grid-lg-col-1 item-image-style-beside\"><li class=\"kb-post-list-item\">\n\t<article class=\"entry content-bg loop-entry post-3424 post type-post status-publish format-standard hentry category-news category-soziokultur\">\n\t\t\t\t<div class=\"entry-content-wrap\">\n\t\t\t<header class=\"entry-header\">\n\t\t<div class=\"entry-taxonomies\">\n\t\t<span class=\"category-links term-links category-style-normal\">\n\t\t\t<a href=\"http:\/\/leipzigpluskultur.de\/en\/kategorie\/news\/\" class=\"category-link-news\" rel=\"tag\">News<\/a> | <a href=\"http:\/\/leipzigpluskultur.de\/en\/kategorie\/sparten\/soziokultur\/\" class=\"category-link-soziokultur\" rel=\"tag\">Soziokultur<\/a>\t\t<\/span>\n\t<\/div><!-- .entry-taxonomies -->\n\t<h2 class=\"entry-title\"><a href=\"http:\/\/leipzigpluskultur.de\/en\/vollversammlung-sparte-soziokultur-und-stammtisch-sopziokultur-29-oktober\/\" rel=\"bookmark\">Vollversammlung Sparte Soziokultur und Stammtisch Sopziokultur 29. Oktober<\/a><\/h2>\t<div class=\"entry-meta entry-meta-divider-dot\">\n\t<span class=\"posted-by\"><span class=\"meta-label\">By<\/span><span class=\"author vcard\"><span class=\"fn n\">Sophie Renz<\/span><\/span><\/span>\t\t\t<span class=\"posted-on\">\n\t\t\t\t<time class=\"entry-date published\" datetime=\"2024-09-16T19:11:21+02:00\">16. September 2024<\/time><time class=\"updated\" datetime=\"2024-09-16T19:13:30+02:00\">16. September 2024<\/time>\t\t\t<\/span>\n\t\t\t\t<\/div><!-- .entry-meta -->\n\t<\/header><!-- .entry-header -->\n\t<div class=\"entry-summary\">\n\t\t<p>Am 29. Oktober, 18.00 Uhr, laden wir alle Macher*innen der Leipziger Soziokultur&nbsp;\u2013Vertreter*innen von Zentren, Vereinen und Initiativen&nbsp;\u2013&nbsp;zur&nbsp;Vollversammlung der Sparte Soziokultur&nbsp;ins Ost-Passage Theater (https:\/\/ost-passage-theater.de\/) ein. Unter anderem werden nach zwei Jahren die&nbsp;neuen Spartenvertreter*innen&nbsp;gew\u00e4hlt.Anschlie\u00dfend findet am gleichen Ort um 19.00 Uhr der &#8222;Stammtisch Soziokultur&#8220; f\u00fcr alle&nbsp;Interessierten&nbsp;zum lockeren Austausch, zum Kennenlernen und Netzwerken&nbsp;statt.<\/p>\n\t<\/div><!-- .entry-summary -->\n\t<footer class=\"entry-footer\">\n\t\t\t<div class=\"entry-actions\">\n\t\t\t<p class=\"more-link-wrap\">\n\t\t\t\t<a href=\"http:\/\/leipzigpluskultur.de\/en\/vollversammlung-sparte-soziokultur-und-stammtisch-sopziokultur-29-oktober\/\" class=\"post-more-link\">\n\t\t\t\t\tRead More<span class=\"screen-reader-text\"> Vollversammlung Sparte Soziokultur und Stammtisch Sopziokultur 29. Oktober<\/span><span class=\"kadence-svg-iconset svg-baseline\"><svg aria-hidden=\"true\" class=\"kadence-svg-icon kadence-arrow-right-alt-svg\" fill=\"currentColor\" version=\"1.1\" xmlns=\"http:\/\/www.w3.org\/2000\/svg\" width=\"27\" height=\"28\" viewBox=\"0 0 27 28\"><title>Continue<\/title><path d=\"M27 13.953c0 0.141-0.063 0.281-0.156 0.375l-6 5.531c-0.156 0.141-0.359 0.172-0.547 0.094-0.172-0.078-0.297-0.25-0.297-0.453v-3.5h-19.5c-0.281 0-0.5-0.219-0.5-0.5v-3c0-0.281 0.219-0.5 0.5-0.5h19.5v-3.5c0-0.203 0.109-0.375 0.297-0.453s0.391-0.047 0.547 0.078l6 5.469c0.094 0.094 0.156 0.219 0.156 0.359v0z\"><\/path>\n\t\t\t<\/svg><\/span>\t\t\t\t<\/a>\n\t\t\t<\/p>\n\t\t<\/div><!-- .entry-actions -->\n\t\t<\/footer><!-- .entry-footer -->\t\t<\/div>\n\t<\/article>\n<\/li>\n<\/ul>","protected":false},"excerpt":{"rendered":"<p>Die Sparte Soziokultur\u00a0in\u00a0der\u00a0Initiative Leipzig + Kultur\u00a0ist offen f\u00fcr freie\u00a0Tr\u00e4ger soziokultureller Projekte\u00a0und\u00a0soziokultureller\u00a0Zentren. Die Sparte\u00a0wird derzeit von\u00a0vier\u00a0Spartenvertreter*innen\u00a0repr\u00e4sentiert,\u00a0die sich\u00a0in der Regeln einmal monatlich\u00a0treffen. Mindestens einmal j\u00e4hrlich findet ein\u00a0Spartentreffen der Soziokultur\u00a0statt, aller zwei Jahre werden dabei die Spartensprecher*innen gew\u00e4hlt. Der\u00a0Stammtisch Soziokultur\u00a0l\u00e4dt zweimal j\u00e4hrlich alle Interessierten an verschiedene Orte\u00a0zum Austausch und Netzwerken ein. N\u00e4chster\u00a0Stammtisch Soziokultur:\u00a0>\u00a027. Mai 2025, 18.00 Uhr,\u00a0im Hinz&#8230;<\/p>","protected":false},"author":5,"featured_media":0,"parent":0,"menu_order":0,"comment_status":"closed","ping_status":"closed","template":"","meta":{"_kad_post_transparent":"","_kad_post_title":"","_kad_post_layout":"left","_kad_post_sidebar_id":"sidebar-lpk-4","_kad_post_content_style":"","_kad_post_vertical_padding":"","_kad_post_feature":"","_kad_post_feature_position":"","_kad_post_header":false,"_kad_post_footer":false,"footnotes":""},"class_list":["post-3344","page","type-page","status-publish","hentry"],"jetpack_sharing_enabled":true,"_links":{"self":[{"href":"http:\/\/leipzigpluskultur.de\/en\/wp-json\/wp\/v2\/pages\/3344","targetHints":{"allow":["GET"]}}],"collection":[{"href":"http:\/\/leipzigpluskultur.de\/en\/wp-json\/wp\/v2\/pages"}],"about":[{"href":"http:\/\/leipzigpluskultur.de\/en\/wp-json\/wp\/v2\/types\/page"}],"author":[{"embeddable":true,"href":"http:\/\/leipzigpluskultur.de\/en\/wp-json\/wp\/v2\/users\/5"}],"replies":[{"embeddable":true,"href":"http:\/\/leipzigpluskultur.de\/en\/wp-json\/wp\/v2\/comments?post=3344"}],"version-history":[{"count":4,"href":"http:\/\/leipzigpluskultur.de\/en\/wp-json\/wp\/v2\/pages\/3344\/revisions"}],"predecessor-version":[{"id":3534,"href":"http:\/\/leipzigpluskultur.de\/en\/wp-json\/wp\/v2\/pages\/3344\/revisions\/3534"}],"wp:attachment":[{"href":"http:\/\/leipzigpluskultur.de\/en\/wp-json\/wp\/v2\/media?parent=3344"}],"curies":[{"name":"wp","href":"https:\/\/api.w.org\/{rel}","templated":true}]}}