{"id":36,"date":"2010-10-28T14:20:53","date_gmt":"2010-10-28T12:20:53","guid":{"rendered":"http:\/\/localhost:10043\/?page_id=36"},"modified":"2023-04-06T14:36:18","modified_gmt":"2023-04-06T12:36:18","slug":"spenden","status":"publish","type":"page","link":"http:\/\/leipzigpluskultur.de\/en\/spenden\/","title":{"rendered":"Donate"},"content":{"rendered":"<style>.kb-row-layout-id_533d9b-8b > .kt-row-column-wrap{align-content:start;}:where(.kb-row-layout-id_533d9b-8b > .kt-row-column-wrap) > .wp-block-kadence-column{justify-content:start;}.kb-row-layout-id_533d9b-8b > .kt-row-column-wrap{column-gap:var(--global-kb-gap-md, 2rem);row-gap:var(--global-kb-gap-md, 2rem);padding-top:0px;padding-bottom:var(--global-kb-spacing-sm, 1.5rem);grid-template-columns:minmax(0, 1fr);}.kb-row-layout-id_533d9b-8b > .kt-row-layout-overlay{opacity:0.30;}@media all and (max-width: 1024px){.kb-row-layout-id_533d9b-8b > .kt-row-column-wrap{grid-template-columns:minmax(0, 1fr);}}@media all and (max-width: 767px){.kb-row-layout-id_533d9b-8b > .kt-row-column-wrap{grid-template-columns:minmax(0, 1fr);}}<\/style><div class=\"kb-row-layout-wrap kb-row-layout-id_533d9b-8b alignnone wp-block-kadence-rowlayout\"><div class=\"kt-row-column-wrap kt-has-1-columns kt-row-layout-equal kt-tab-layout-inherit kt-mobile-layout-row kt-row-valign-top\">\n<style>.kadence-column_3d4ff8-f3 > .kt-inside-inner-col,.kadence-column_3d4ff8-f3 > .kt-inside-inner-col:before{border-top-left-radius:0px;border-top-right-radius:0px;border-bottom-right-radius:0px;border-bottom-left-radius:0px;}.kadence-column_3d4ff8-f3 > .kt-inside-inner-col{column-gap:var(--global-kb-gap-sm, 1rem);}.kadence-column_3d4ff8-f3 > .kt-inside-inner-col{flex-direction:column;}.kadence-column_3d4ff8-f3 > .kt-inside-inner-col > .aligncenter{width:100%;}.kadence-column_3d4ff8-f3 > .kt-inside-inner-col:before{opacity:0.3;}.kadence-column_3d4ff8-f3{position:relative;}@media all and (max-width: 1024px){.kadence-column_3d4ff8-f3 > .kt-inside-inner-col{flex-direction:column;justify-content:center;}}@media all and (max-width: 767px){.kadence-column_3d4ff8-f3 > .kt-inside-inner-col{flex-direction:column;justify-content:center;}}<\/style>\n<div class=\"wp-block-kadence-column kadence-column_3d4ff8-f3\"><div class=\"kt-inside-inner-col\">\n<p>The work of the Leipzig + culture will be completely done on a voluntary basis. All Active commitment to the Initiative as a side job.<\/p>\n\n\n\n<p>For the placement of our work and the interests of the independent scene, actions, ways of communication, etc. are the costs that cannot be funded through member contributions of our Association in Leipzig + Kultur e. V.<\/p>\n\n\n\n<p>Therefore, we call on all supporters, all Engaged in the Initiative, all of the culture-creating in addition to the substantive and financial support!<\/p>\n\n\n\n<p>As a non-profit Association, Leipzig + Kultur e. V. can issue donation receipts. Donations can be sent to the Association&#039;s account.<\/p>\n\n\n\n<p>Thank You!<\/p>\n\n\n\n<hr class=\"wp-block-separator has-text-color has-theme-palette-1-color has-alpha-channel-opacity has-theme-palette-1-background-color has-background\"\/>\n\n\n\n<p><strong>Account<\/strong><\/p>\n\n\n\n<p>Leipzig + Kultur e. V.<br>Sparkasse Leipzig<br>IBAN DE96 8605 5592 1090 0980 61<br>BIC: WELADE8LXXX<\/p>\n<\/div><\/div>\n\n<\/div><\/div>","protected":false},"excerpt":{"rendered":"<p>Die Arbeit von Leipzig + Kultur wird komplett ehrenamtlich geleistet. Alle Aktiven engagieren sich f\u00fcr die Initiative nebenberuflich. F\u00fcr die Vermittlung unserer Arbeit und die Interessen der Freien Szene, f\u00fcr Aktionen, Kommunikationswege u.v.m. fallen Kosten an, die nicht allein \u00fcber die Mitgliedsbeitr\u00e4ge unseres Vereins Leipzig + Kultur e.V. finanziert werden k\u00f6nnen. Deshalb rufen wir alle&#8230;<\/p>","protected":false},"author":5,"featured_media":0,"parent":0,"menu_order":0,"comment_status":"closed","ping_status":"closed","template":"","meta":{"_kad_post_transparent":"","_kad_post_title":"","_kad_post_layout":"left","_kad_post_sidebar_id":"sidebar-lpk-1","_kad_post_content_style":"","_kad_post_vertical_padding":"","_kad_post_feature":"","_kad_post_feature_position":"","_kad_post_header":false,"_kad_post_footer":false,"footnotes":""},"class_list":["post-36","page","type-page","status-publish","hentry"],"jetpack_sharing_enabled":true,"_links":{"self":[{"href":"http:\/\/leipzigpluskultur.de\/en\/wp-json\/wp\/v2\/pages\/36","targetHints":{"allow":["GET"]}}],"collection":[{"href":"http:\/\/leipzigpluskultur.de\/en\/wp-json\/wp\/v2\/pages"}],"about":[{"href":"http:\/\/leipzigpluskultur.de\/en\/wp-json\/wp\/v2\/types\/page"}],"author":[{"embeddable":true,"href":"http:\/\/leipzigpluskultur.de\/en\/wp-json\/wp\/v2\/users\/5"}],"replies":[{"embeddable":true,"href":"http:\/\/leipzigpluskultur.de\/en\/wp-json\/wp\/v2\/comments?post=36"}],"version-history":[{"count":0,"href":"http:\/\/leipzigpluskultur.de\/en\/wp-json\/wp\/v2\/pages\/36\/revisions"}],"wp:attachment":[{"href":"http:\/\/leipzigpluskultur.de\/en\/wp-json\/wp\/v2\/media?parent=36"}],"curies":[{"name":"wp","href":"https:\/\/api.w.org\/{rel}","templated":true}]}}